{"id":10,"date":"2016-08-17T07:33:37","date_gmt":"2016-08-17T07:33:37","guid":{"rendered":"http:\/\/sw-themes.com\/porto_dummy\/restaurant\/?page_id=10"},"modified":"2024-07-18T14:24:12","modified_gmt":"2024-07-18T11:24:12","slug":"iletisim","status":"publish","type":"page","link":"https:\/\/resis.com.tr\/index.php\/iletisim\/","title":{"rendered":"\u0130leti\u015fim"},"content":{"rendered":"<div class=\"wpb-content-wrapper\"><p>[vc_row full_width=&#8221;stretch_row_content&#8221; parallax=&#8221;content-moving&#8221; parallax_image=&#8221;200&#8243;][vc_column][vc_custom_heading text=&#8221;<strong>\u0130leti\u015fim<\/strong>&#8221; font_container=&#8221;tag:h2|font_size:36|text_align:center&#8221; use_theme_fonts=&#8221;yes&#8221; el_class=&#8221;m-t-xlg p-b-xlg p-t-xlg m-b-xlg&#8221;][\/vc_column][\/vc_row][vc_row wrap_container=&#8221;yes&#8221; is_section=&#8221;yes&#8221; remove_margin_bottom=&#8221;yes&#8221;][vc_column width=&#8221;1\/3&#8243;][vc_custom_heading text=&#8221;Eski\u015fehir Ofis (Yaz\u0131l\u0131m Geli\u015ftirme)&#8221; font_container=&#8221;tag:h5|text_align:left&#8221; use_theme_fonts=&#8221;yes&#8221; el_class=&#8221;m-t-lg m-b-xs&#8221;][vc_column_text]<\/p>\n<table style=\"height: 148px;\" width=\"524\">\n<tbody>\n<tr>\n<td width=\"74\">Adres:<\/td>\n<td width=\"384\">Deliklita\u015f Mah Dr.Hilmi Sok No 5\/1 Odunpazar\u0131 Eski\u015fehir T\u00fcrkiye<\/td>\n<\/tr>\n<tr>\n<td>Tel:<\/td>\n<td>+90(222) 320 11 44<\/td>\n<\/tr>\n<tr>\n<td>Mobil Tel:<\/td>\n<td>+90(543) 774 26 26<\/td>\n<\/tr>\n<tr>\n<td>Mail :<\/td>\n<td><a href=\"mailto:ersoypekgoz@resis.com.tr\">kursatkorkmaz@resis.com.tr<\/a><\/td>\n<\/tr>\n<\/tbody>\n<\/table>\n<p>[\/vc_column_text][vc_custom_heading text=&#8221;\u0130zmir Ofis&#8221; font_container=&#8221;tag:h5|text_align:left&#8221; use_theme_fonts=&#8221;yes&#8221; el_class=&#8221;m-t-lg m-b-xs&#8221;][vc_column_text]<\/p>\n<table style=\"height: 148px;\" width=\"524\">\n<tbody>\n<tr>\n<td width=\"74\">Adres:<\/td>\n<td width=\"384\">7400\/8 Sok. No:15 D:1\u00a0\u00a0 Kar\u015f\u0131yaka \u2013 \u0130zmir \u2013 T\u00fcrkiye<\/td>\n<\/tr>\n<tr>\n<td>Tel:<\/td>\n<td>+90(232) 382 18 82<\/td>\n<\/tr>\n<tr>\n<td>Mobil Tel:<\/td>\n<td>+90(541) 720 80 10<\/td>\n<\/tr>\n<tr>\n<td>Mail :<\/td>\n<td><a href=\"mailto:ersoypekgoz@resis.com.tr\">ersoypekgoz@resis.com.tr<\/a><\/td>\n<\/tr>\n<\/tbody>\n<\/table>\n<p>[\/vc_column_text][\/vc_column][vc_column width=&#8221;1\/3&#8243;][vc_gmaps link=&#8221;#E-8_JTNDaWZyYW1lJTIwc3JjJTNEJTIyaHR0cHMlM0ElMkYlMkZ3d3cuZ29vZ2xlLmNvbSUyRm1hcHMlMkZlbWJlZCUzRnBiJTNEJTIxMW0xOCUyMTFtMTIlMjExbTMlMjExZDMxMjIuNzkyNDgzODE4MzE1JTIxMmQyNy4xMTIyODA0MTU3ODg1NyUyMTNkMzguNDkyNDMwMDc5NjM1MiUyMTJtMyUyMTFmMCUyMTJmMCUyMTNmMCUyMTNtMiUyMTFpMTAyNCUyMTJpNzY4JTIxNGYxMy4xJTIxM20zJTIxMW0yJTIxMXMweDE0YmJkNzZkODExMGQ3NmYlMjUzQTB4ZGU1NzVmN2NhYzY3ZTZmMSUyMTJ6V3NPOFltVjVaR1VnU0dGdXhMRnRMQ0EzTkRBd0x6Z3VJRk5yTGlCT2J6b3hOU0JFT2pFc0lETTFOVGN3SUV0aGNzV2Z4TEY1WVd0aEw4U3dlbTFwY2clMjE1ZTAlMjEzbTIlMjExc3RyJTIxMnN0ciUyMTR2MTU5NDA2MDgyMDA0MyUyMTVtMiUyMTFzdHIlMjEyc3RyJTIyJTIwd2lkdGglM0QlMjIxMDAlMjUlMjIlMjBoZWlnaHQlM0QlMjIzNTAlMjIlMjBmcmFtZWJvcmRlciUzRCUyMjAlMjIlMjBzdHlsZSUzRCUyMmJvcmRlciUzQTAlM0IlMjIlMjBhbGxvd2Z1bGxzY3JlZW4lM0QlMjIlMjIlMjBhcmlhLWhpZGRlbiUzRCUyMmZhbHNlJTIyJTIwdGFiaW5kZXglM0QlMjIwJTIyJTNFJTNDJTJGaWZyYW1lJTNF&#8221;][\/vc_column][vc_column width=&#8221;1\/3&#8243;][vc_custom_heading text=&#8221;MESAJ G\u00d6NDER\u0130N\u0130Z&#8221; font_container=&#8221;tag:h5|text_align:left&#8221; use_theme_fonts=&#8221;yes&#8221; el_class=&#8221;m-t-lg m-b-md&#8221;]<div role=\"form\" class=\"wpcf7\" id=\"wpcf7-f30-o1\" lang=\"en-US\" dir=\"ltr\">\n<div class=\"screen-reader-response\"><\/div>\n<form action=\"\/index.php\/wp-json\/wp\/v2\/pages\/10#wpcf7-f30-o1\" method=\"post\" class=\"wpcf7-form\" novalidate=\"novalidate\">\n<div style=\"display: none;\">\n<input type=\"hidden\" name=\"_wpcf7\" value=\"30\" \/>\n<input type=\"hidden\" name=\"_wpcf7_version\" value=\"5.1.7\" \/>\n<input type=\"hidden\" name=\"_wpcf7_locale\" value=\"en_US\" \/>\n<input type=\"hidden\" name=\"_wpcf7_unit_tag\" value=\"wpcf7-f30-o1\" \/>\n<input type=\"hidden\" name=\"_wpcf7_container_post\" value=\"0\" \/>\n<\/div>\n<div class=\"row\">\n    <div class=\"col-lg-12\">\n        <div class=\"form-group\">\n            <label for=\"contact-name\">\u0130sminiz*<\/label>\n            <span class=\"wpcf7-form-control-wrap your-name\"><input type=\"text\" name=\"your-name\" value=\"\" size=\"40\" class=\"wpcf7-form-control wpcf7-text wpcf7-validates-as-required form-control\" id=\"contact-name\" aria-required=\"true\" aria-invalid=\"false\" \/><\/span>\n        <\/div>\n    <\/div>\n    <div class=\"col-lg-12\">\n        <div class=\"form-group\">\n            <label for=\"contact-email\">Mail Adresiniz*<\/label>\n            <span class=\"wpcf7-form-control-wrap your-email\"><input type=\"email\" name=\"your-email\" value=\"\" size=\"40\" class=\"wpcf7-form-control wpcf7-text wpcf7-email wpcf7-validates-as-required wpcf7-validates-as-email form-control\" id=\"contact-email\" aria-required=\"true\" aria-invalid=\"false\" \/><\/span>\n        <\/div>\n    <\/div>\n    <div class=\"col-lg-12\">\n        <div class=\"form-group\">\n            <label for=\"contact-subject\">Konu<\/label>\n            <span class=\"wpcf7-form-control-wrap your-subject\"><input type=\"text\" name=\"your-subject\" value=\"\" size=\"40\" class=\"wpcf7-form-control wpcf7-text form-control\" id=\"contact-subject\" aria-invalid=\"false\" \/><\/span>\n        <\/div>\n    <\/div>\n    <div class=\"col-lg-12\">\n        <div class=\"form-group\">\n            <label for=\"contact-message\">Mesaj*<\/label>\n            <span class=\"wpcf7-form-control-wrap your-message\"><textarea name=\"your-message\" cols=\"40\" rows=\"3\" class=\"wpcf7-form-control wpcf7-textarea wpcf7-validates-as-required form-control\" id=\"contact-message\" aria-required=\"true\" aria-invalid=\"false\"><\/textarea><\/span>\n        <\/div>\n    <\/div>\n    <div class=\"col-lg-12\">\n        <div class=\"form-group\">\n            <input type=\"submit\" value=\"G\u00f6nder\" class=\"wpcf7-form-control wpcf7-submit btn btn-primary\" \/>\n        <\/div>\n    <\/div>\n<\/div><div class=\"wpcf7-response-output wpcf7-display-none\"><\/div><\/form><\/div>[\/vc_column][\/vc_row]<\/p>\n<\/div>","protected":false},"excerpt":{"rendered":"<p>[vc_row full_width=&#8221;stretch_row_content&#8221; parallax=&#8221;content-moving&#8221; parallax_image=&#8221;200&#8243;][vc_column][vc_custom_heading text=&#8221;\u0130leti\u015fim&#8221; font_container=&#8221;tag:h2|font_size:36|text_align:center&#8221; use_theme_fonts=&#8221;yes&#8221; el_class=&#8221;m-t-xlg p-b-xlg p-t-xlg m-b-xlg&#8221;][\/vc_column][\/vc_row][vc_row wrap_container=&#8221;yes&#8221; is_section=&#8221;yes&#8221; remove_margin_bottom=&#8221;yes&#8221;][vc_column width=&#8221;1\/3&#8243;][vc_custom_heading text=&#8221;Eski\u015fehir Ofis (Yaz\u0131l\u0131m Geli\u015ftirme)&#8221; font_container=&#8221;tag:h5|text_align:left&#8221; use_theme_fonts=&#8221;yes&#8221; el_class=&#8221;m-t-lg m-b-xs&#8221;][vc_column_text] Adres: Deliklita\u015f Mah Dr.Hilmi Sok No 5\/1 Odunpazar\u0131 Eski\u015fehir T\u00fcrkiye Tel: +90(222) 320 11 44 Mobil Tel: +90(543) 774 26 26 Mail : kursatkorkmaz@resis.com.tr [\/vc_column_text][vc_custom_heading text=&#8221;\u0130zmir Ofis&#8221; font_container=&#8221;tag:h5|text_align:left&#8221; use_theme_fonts=&#8221;yes&#8221; el_class=&#8221;m-t-lg m-b-xs&#8221;][vc_column_text] Adres: [&hellip;]<\/p>\n","protected":false},"author":1,"featured_media":0,"parent":0,"menu_order":0,"comment_status":"closed","ping_status":"closed","template":"","meta":{"footnotes":""},"class_list":["post-10","page","type-page","status-publish","hentry"],"_links":{"self":[{"href":"https:\/\/resis.com.tr\/index.php\/wp-json\/wp\/v2\/pages\/10"}],"collection":[{"href":"https:\/\/resis.com.tr\/index.php\/wp-json\/wp\/v2\/pages"}],"about":[{"href":"https:\/\/resis.com.tr\/index.php\/wp-json\/wp\/v2\/types\/page"}],"author":[{"embeddable":true,"href":"https:\/\/resis.com.tr\/index.php\/wp-json\/wp\/v2\/users\/1"}],"replies":[{"embeddable":true,"href":"https:\/\/resis.com.tr\/index.php\/wp-json\/wp\/v2\/comments?post=10"}],"version-history":[{"count":9,"href":"https:\/\/resis.com.tr\/index.php\/wp-json\/wp\/v2\/pages\/10\/revisions"}],"predecessor-version":[{"id":273,"href":"https:\/\/resis.com.tr\/index.php\/wp-json\/wp\/v2\/pages\/10\/revisions\/273"}],"wp:attachment":[{"href":"https:\/\/resis.com.tr\/index.php\/wp-json\/wp\/v2\/media?parent=10"}],"curies":[{"name":"wp","href":"https:\/\/api.w.org\/{rel}","templated":true}]}}