{"id":11,"date":"2016-08-17T07:33:59","date_gmt":"2016-08-17T07:33:59","guid":{"rendered":"http:\/\/sw-themes.com\/porto_dummy\/restaurant\/?page_id=11"},"modified":"2024-07-19T13:47:18","modified_gmt":"2024-07-19T10:47:18","slug":"hakkimizda","status":"publish","type":"page","link":"https:\/\/resis.com.tr\/index.php\/hakkimizda\/","title":{"rendered":"Kurumsal"},"content":{"rendered":"<div class=\"wpb-content-wrapper\"><p>[vc_row parallax=&#8221;content-moving&#8221; parallax_image=&#8221;32&#8243; bg_image_repeat=&#8221;no-repeat&#8221;][vc_column][vc_custom_heading text=&#8221;<strong>Resis<\/strong>&#8221; font_container=&#8221;tag:h2|font_size:36|text_align:center&#8221; use_theme_fonts=&#8221;yes&#8221; css=&#8221;&#8221; skin=&#8221;light&#8221; el_class=&#8221;m-t-xlg p-b-xlg p-t-xlg m-b-xlg&#8221;][\/vc_column][\/vc_row][vc_row wrap_container=&#8221;yes&#8221; el_class=&#8221;p-t-xxl p-b-md&#8221;][vc_column][vc_custom_heading text=&#8221;Hakk\u0131m\u0131zda&#8221; use_theme_fonts=&#8221;yes&#8221;][vc_column_text css=&#8221;&#8221; el_class=&#8221;lead&#8221;]Bukkasoft\u00a0 \u00fcretti\u011fi, web bili\u015fim teknolojilerine dayanan \u015fube ve franchising \u00e7\u00f6z\u00fcmleri, 21. y\u00fczy\u0131l\u0131n t\u00fcm modern \u015fube ve franchising y\u00f6netimi detaylar\u0131n\u0131 i\u00e7ermekte ve t\u00fcm bu uygulamalar d\u00fcnyadaki rakipleri ile birebir rekabet edecek d\u00fczeyde haz\u0131rlanmaktad\u0131r.[\/vc_column_text][vc_column_text css=&#8221;&#8221;]<img decoding=\"async\" class=\"alignleft m-b-md\" src=\"\/\/sw-themes.com\/porto_dummy\/wp-content\/uploads\/images\/restaurant-gallery-3.jpg\" width=\"205\" \/>Bukkasoft &#8216;un herhangi bir paket \u00e7\u00f6z\u00fcm\u00fcne sahip olan bir m\u00fc\u015fterimiz; daima \u00e7a\u011f\u0131n en modern i\u015f uygulamalar\u0131na, en y\u00fcksek teknoloji \u00fcr\u00fcnlerine ve y\u00f6netimde en iyi karar destek \u00e7\u00f6z\u00fcmlerine sahip olaca\u011f\u0131n\u0131 bilir.<\/p>\n<p>Elindeki bu ara\u00e7larla da rakiplerine kar\u015f\u0131 daima rekabet \u00fcst\u00fcnl\u00fc\u011f\u00fc yarataca\u011f\u0131n\u0131n fark\u0131ndad\u0131r. Bukkasoft &#8216;un \u00e7\u00f6z\u00fcmleri global standartlarda, uluslararas\u0131 rekabetin getirdi\u011fi ko\u015fullar d\u00fc\u015f\u00fcn\u00fclerek tasarlan\u0131p, daima bu do\u011frultuda geli\u015ftirilmekte ve iyile\u015ftirilmektedir.<\/p>\n<p>Bukkasoft &#8216;un bu global vizyonu, m\u00fc\u015fterilerini de gelecek y\u0131llardaki zorlu rekabet ko\u015fullar\u0131na g\u00fcvenle ta\u015f\u0131yacakt\u0131r.<\/p>\n<p>Uygulama i\u00e7eri\u011fi her i\u015fin bir proje oldu\u011fu ger\u00e7e\u011fi ile ger\u00e7ekle\u015ftirilmekte ve g\u00f6r\u00fc\u015fmelere ba\u011fl\u0131 olarak \u015fekillenmektedir.<\/p>\n<p>Konuyla ilgili her t\u00fcrl\u00fc sorunuzu yan\u0131tlamaya haz\u0131r oldu\u011fumuzu belirtir, ba\u015far\u0131lar dileriz.<\/p>\n<p style=\"text-align: center;\"><strong>NEDEN RES\u0130S ?<\/strong><\/p>\n<p>\u00b7 % 100 yerli teknoloji ve yaz\u0131l\u0131m tasar\u0131m\u0131<br \/>\n\u00b7 Tek nokta sat\u0131\u015f\u0131ndan merkeze de\u011fil, tamam\u0131 ile \u015fube ve franchsing yap\u0131land\u0131r\u0131lmas\u0131ndan merkeze do\u011fru tasarlanm\u0131\u015f alt yap\u0131.<br \/>\n\u00b7 Tamam\u0131 ile ba\u011f\u0131ms\u0131z bir teknolojik alt yap\u0131 sayesinde \u00f6zg\u00fcr kullan\u0131m ve se\u00e7me imkan\u0131.<br \/>\n\u00b7 Pc tabanl\u0131 teknolojik geli\u015fmelere paralel yaz\u0131l\u0131m ve donan\u0131m de\u011fi\u015fikliklerine uygun alt yap\u0131.<br \/>\n\u00b7 Daha ucuz ve devaml\u0131l\u0131k<br \/>\n\u00b7 Yurt i\u00e7i ve yurt d\u0131\u015f\u0131 yaz\u0131l\u0131m uygulamalar\u0131na haz\u0131r dil yap\u0131s\u0131 (\u0130ngilizce, Rusca).Kazakistan, S.Arabistan, K\u0131br\u0131s, \u00c7ek Cumhuriyeti<br \/>\n\u00b7 \u015eube ve franchsing uygulamalar\u0131 ile yo\u011funla\u015fm\u0131\u015f bir alt yap\u0131.Eski\u015fehir yaz\u0131l\u0131m ofisi ,\u0130zmir , \u0130stanbul\u00a0 servis noktas\u0131 ve \u00e7a\u011fr\u0131 merkezi<br \/>\n\u00b7 Proje i\u00e7erisinde geli\u015ftirme yapmak ve firmaya \u00f6zel i\u015flemlerin sisteme dahil edilmesi.[\/vc_column_text][\/vc_column][\/vc_row]<\/p>\n<\/div>","protected":false},"excerpt":{"rendered":"<p>[vc_row parallax=&#8221;content-moving&#8221; parallax_image=&#8221;32&#8243; bg_image_repeat=&#8221;no-repeat&#8221;][vc_column][vc_custom_heading text=&#8221;Resis&#8221; font_container=&#8221;tag:h2|font_size:36|text_align:center&#8221; use_theme_fonts=&#8221;yes&#8221; css=&#8221;&#8221; skin=&#8221;light&#8221; el_class=&#8221;m-t-xlg p-b-xlg p-t-xlg m-b-xlg&#8221;][\/vc_column][\/vc_row][vc_row wrap_container=&#8221;yes&#8221; el_class=&#8221;p-t-xxl p-b-md&#8221;][vc_column][vc_custom_heading text=&#8221;Hakk\u0131m\u0131zda&#8221; use_theme_fonts=&#8221;yes&#8221;][vc_column_text css=&#8221;&#8221; el_class=&#8221;lead&#8221;]Bukkasoft\u00a0 \u00fcretti\u011fi, web bili\u015fim teknolojilerine dayanan \u015fube ve franchising \u00e7\u00f6z\u00fcmleri, 21. y\u00fczy\u0131l\u0131n t\u00fcm modern \u015fube ve franchising y\u00f6netimi detaylar\u0131n\u0131 i\u00e7ermekte ve t\u00fcm bu uygulamalar d\u00fcnyadaki rakipleri ile birebir rekabet edecek d\u00fczeyde haz\u0131rlanmaktad\u0131r.[\/vc_column_text][vc_column_text css=&#8221;&#8221;]Bukkasoft &#8216;un herhangi bir [&hellip;]<\/p>\n","protected":false},"author":1,"featured_media":0,"parent":0,"menu_order":0,"comment_status":"closed","ping_status":"closed","template":"","meta":{"footnotes":""},"class_list":["post-11","page","type-page","status-publish","hentry"],"_links":{"self":[{"href":"https:\/\/resis.com.tr\/index.php\/wp-json\/wp\/v2\/pages\/11"}],"collection":[{"href":"https:\/\/resis.com.tr\/index.php\/wp-json\/wp\/v2\/pages"}],"about":[{"href":"https:\/\/resis.com.tr\/index.php\/wp-json\/wp\/v2\/types\/page"}],"author":[{"embeddable":true,"href":"https:\/\/resis.com.tr\/index.php\/wp-json\/wp\/v2\/users\/1"}],"replies":[{"embeddable":true,"href":"https:\/\/resis.com.tr\/index.php\/wp-json\/wp\/v2\/comments?post=11"}],"version-history":[{"count":5,"href":"https:\/\/resis.com.tr\/index.php\/wp-json\/wp\/v2\/pages\/11\/revisions"}],"predecessor-version":[{"id":276,"href":"https:\/\/resis.com.tr\/index.php\/wp-json\/wp\/v2\/pages\/11\/revisions\/276"}],"wp:attachment":[{"href":"https:\/\/resis.com.tr\/index.php\/wp-json\/wp\/v2\/media?parent=11"}],"curies":[{"name":"wp","href":"https:\/\/api.w.org\/{rel}","templated":true}]}}