{"id":143,"date":"2016-08-17T03:48:14","date_gmt":"2016-08-17T03:48:14","guid":{"rendered":"http:\/\/sw-themes.com\/porto_dummy\/restaurant\/?page_id=143"},"modified":"2020-07-06T21:02:40","modified_gmt":"2020-07-06T18:02:40","slug":"home","status":"publish","type":"page","link":"https:\/\/resis.com.tr\/","title":{"rendered":"Ana sayfa"},"content":{"rendered":"<div class=\"wpb-content-wrapper\"><p>[vc_row wrap_container=&#8221;yes&#8221;][vc_column][vc_custom_heading text=&#8221;&#8221; font_container=&#8221;tag:h2|text_align:center&#8221; use_theme_fonts=&#8221;yes&#8221; el_class=&#8221;m-t-xxl m-b-sm&#8221;][vc_column_text]<\/p>\n<h3 class=\"heading\" style=\"text-align: center;\">2000 y\u0131l\u0131n&#8217;dan bu yana, g\u00fcvenilir ve kal\u0131c\u0131 \u00e7\u00f6z\u00fcmler<\/h3>\n<p>[\/vc_column_text][vc_separator color=&#8221;custom&#8221; style=&#8221;pattern&#8221; pattern_repeat=&#8221;no-repeat&#8221; pattern_position=&#8221;center center&#8221; pattern_height=&#8221;16&#8243; gap=&#8221;taller&#8221; pattern=&#8221;26&#8243;][vc_row_inner el_class=&#8221;m-b-xlg&#8221;][vc_column_inner width=&#8221;1\/3&#8243; animation_type=&#8221;fadeInUp&#8221;]<div class=\"porto-image-frame  thumb-info-custom m-b-xxl\"><div class=\"thumb-info align-center thumb-info-hide-wrapper-bg thumb-info-no-zoom thumb-info-centered-info\"><span class=\"thumb-info-wrapper\"><img loading=\"lazy\" decoding=\"async\" alt=\"\" src=\"\/\/resis.com.tr\/wp-content\/uploads\/2020\/07\/yaz\u0131l\u0131m-scaled.jpg\" class=\"img-responsive\" width=\"2560\" height=\"1706\"><\/span><div class=\"thumb-info-caption\"><div class=\"thumb-info-caption-text\"><p style=\"text-align: center;\"><strong>G\u00dcNCEL &amp; YEN\u0130L\u0130K\u00c7\u0130<\/strong><\/p>\n<p>\u00dcr\u00fcnlerimiz, sekt\u00f6re \u00f6zel ve end\u00fcstriyel olarak tasarlanm\u0131\u015ft\u0131r. 20 y\u0131ld\u0131r sizin ve sekt\u00f6r\u00fcn talepleri do\u011frultusunda geli\u015ftirmeye devam ediyoruz.<\/p>\n<\/div><\/div><\/div><\/div>[\/vc_column_inner][vc_column_inner width=&#8221;1\/3&#8243; animation_delay=&#8221;300&#8243; animation_type=&#8221;fadeInUp&#8221;]<div class=\"porto-image-frame  thumb-info-custom m-b-xxl\"><div class=\"thumb-info align-center thumb-info-hide-wrapper-bg thumb-info-no-zoom thumb-info-centered-info\"><span class=\"thumb-info-wrapper\"><img loading=\"lazy\" decoding=\"async\" alt=\"\" src=\"\/\/resis.com.tr\/wp-content\/uploads\/2020\/07\/iStock-460821069-scaled.jpg\" class=\"img-responsive\" width=\"2560\" height=\"1707\"><\/span><div class=\"thumb-info-caption\"><div class=\"thumb-info-caption-text\"><h2 class=\"text-semibold m-b-md m-t-xs\">KURUMSAL DESTEK<\/h2>\n<p>Sat\u0131\u015f temsilcilerimizin g\u00f6r\u00fc\u015fmelerine istinaden\u00a0 size uygun \u00e7\u00f6z\u00fcmler sistem analistlerimiz taraf\u0131ndan de\u011ferlendirilip yaz\u0131l\u0131m ekibimizce uyarlanmaktad\u0131r.<\/p>\n<\/div><\/div><\/div><\/div>[\/vc_column_inner][vc_column_inner width=&#8221;1\/3&#8243; animation_delay=&#8221;600&#8243; animation_type=&#8221;fadeInUp&#8221;]<div class=\"porto-image-frame  thumb-info-custom m-b-xxl\"><div class=\"thumb-info align-center thumb-info-hide-wrapper-bg thumb-info-no-zoom thumb-info-centered-info\"><span class=\"thumb-info-wrapper\"><img loading=\"lazy\" decoding=\"async\" alt=\"\" src=\"\/\/resis.com.tr\/wp-content\/uploads\/2020\/07\/68535c1793f59afc4766884f7995e539236c1b33.jpeg\" class=\"img-responsive\" width=\"788\" height=\"443\"><\/span><div class=\"thumb-info-caption\"><div class=\"thumb-info-caption-text\"><h2 class=\"text-semibold m-b-md m-t-xs\">Esnek Yaz\u0131l\u0131m<\/h2>\n<p>Firmam\u0131z 2000 y\u0131l\u0131nda beri paket program halinde sundu\u011fu \u00e7\u00f6z\u00fcmlerde m\u00fc\u015fteri talep ve istekleri do\u011frultusunda h\u0131zl\u0131 bir \u015fekilde esneklik g\u00f6sterebilmekte ve yaz\u0131l\u0131m\u0131 \u00f6zelle\u015ftirebilmekteyiz.<\/p>\n<\/div><\/div><\/div><\/div>[\/vc_column_inner][\/vc_row_inner][\/vc_column][\/vc_row][vc_row full_width=&#8221;stretch_row&#8221; wrap_container=&#8221;yes&#8221; css=&#8221;.vc_custom_1471485685711{background-image: url(\/\/sw-themes.com\/porto_dummy\/wp-content\/uploads\/2016\/08\/parallax-restaurant.jpg?id=27) !important;}&#8221; el_class=&#8221;section-testimonials&#8221;][vc_column width=&#8221;1\/6&#8243;][\/vc_column][vc_column width=&#8221;2\/3&#8243;][vc_separator color=&#8221;custom&#8221; style=&#8221;pattern&#8221; pattern_repeat=&#8221;no-repeat&#8221; pattern_position=&#8221;center center&#8221; pattern_height=&#8221;16&#8243; gap=&#8221;taller&#8221; pattern=&#8221;26&#8243; el_class=&#8221;m-t-xxl p-t-xl&#8221;]<div class=\"porto-carousel owl-carousel has-ccols ccols-1 m-t-xlg m-b-xlg wpb_custom_c86c2fb53cae9eced42d4b8900a042f3\" data-plugin-options=\"{&quot;themeConfig&quot;:true,&quot;stagePadding&quot;:0,&quot;margin&quot;:0,&quot;autoplay&quot;:false,&quot;mouseDrag&quot;:true,&quot;touchDrag&quot;:true,&quot;autoplayTimeout&quot;:5000,&quot;autoplayHoverPause&quot;:false,&quot;items&quot;:1,&quot;xl&quot;:1,&quot;lg&quot;:1,&quot;md&quot;:1,&quot;sm&quot;:1,&quot;xs&quot;:1,&quot;nav&quot;:false,&quot;dots&quot;:&quot;yes&quot;,&quot;animateIn&quot;:&quot;&quot;,&quot;animateOut&quot;:&quot;&quot;,&quot;loop&quot;:false,&quot;center&quot;:false,&quot;video&quot;:false,&quot;lazyLoad&quot;:false,&quot;fullscreen&quot;:false}\"><div class=\"porto-testimonial wpb_content_element   wpb_custom_4760b66c0cbf51ec9a7673f3785bca75\"><div class=\"testimonial testimonial-style-2 testimonial-with-quotes\"><blockquote class=\"testimonial-carousel\"><p>Global vizyonumuz, m\u00fc\u015fterilerini de gelecek y\u0131llardaki zorlu rekabet ko\u015fullar\u0131na g\u00fcvenle ta\u015f\u0131yacakt\u0131r.<\/p><\/blockquote><div class=\"testimonial-author\"><p><strong><\/strong><span><\/span><\/p><\/div><\/div><\/div><div class=\"porto-testimonial wpb_content_element   wpb_custom_4760b66c0cbf51ec9a7673f3785bca75\"><div class=\"testimonial testimonial-style-2 testimonial-with-quotes\"><blockquote class=\"testimonial-carousel\"><p>Uygulama i\u00e7eri\u011fi her i\u015fin bir proje oldu\u011fu ger\u00e7e\u011fi ile ger\u00e7ekle\u015ftirilmekte ve g\u00f6r\u00fc\u015fmelere ba\u011fl\u0131 olarak \u015fekillenmektedir.<\/p><\/blockquote><div class=\"testimonial-author\"><p><strong><\/strong><span><\/span><\/p><\/div><\/div><\/div><div class=\"porto-testimonial wpb_content_element   wpb_custom_4760b66c0cbf51ec9a7673f3785bca75\"><div class=\"testimonial testimonial-style-2 testimonial-with-quotes\"><blockquote class=\"testimonial-carousel\"><p>Konuyla ilgili her t\u00fcrl\u00fc sorunuzu yan\u0131tlamaya haz\u0131r oldu\u011fumuzu belirtir, ba\u015far\u0131lar dileriz.<\/p><\/blockquote><div class=\"testimonial-author\"><p><strong><\/strong><span><\/span><\/p><\/div><\/div><\/div><\/div>[\/vc_column][vc_column width=&#8221;1\/6&#8243;][\/vc_column][\/vc_row][vc_row][vc_column]<div class=\"porto-carousel owl-carousel has-ccols has-ccols-spacing ccols-xl-6 ccols-lg-4 ccols-md-3 ccols-sm-2 ccols-1 stage-margin wpb_custom_70a89e142ccf56dcd4c7bfc4b40db368\" data-plugin-options=\"{&quot;themeConfig&quot;:true,&quot;stagePadding&quot;:40,&quot;margin&quot;:10,&quot;autoplay&quot;:&quot;yes&quot;,&quot;mouseDrag&quot;:true,&quot;touchDrag&quot;:true,&quot;autoplayTimeout&quot;:5000,&quot;autoplayHoverPause&quot;:false,&quot;items&quot;:6,&quot;xl&quot;:6,&quot;lg&quot;:4,&quot;md&quot;:3,&quot;sm&quot;:2,&quot;xs&quot;:1,&quot;nav&quot;:&quot;yes&quot;,&quot;dots&quot;:false,&quot;animateIn&quot;:&quot;&quot;,&quot;animateOut&quot;:&quot;&quot;,&quot;loop&quot;:&quot;yes&quot;,&quot;center&quot;:false,&quot;video&quot;:false,&quot;lazyLoad&quot;:false,&quot;fullscreen&quot;:false}\">[vc_single_image image=&#8221;180&#8243;][vc_single_image image=&#8221;179&#8243;][vc_single_image image=&#8221;178&#8243;][vc_single_image image=&#8221;177&#8243;][vc_single_image image=&#8221;176&#8243;][vc_single_image image=&#8221;175&#8243;][vc_single_image image=&#8221;174&#8243;][vc_single_image image=&#8221;173&#8243;][vc_single_image image=&#8221;172&#8243;][vc_single_image image=&#8221;171&#8243;][vc_single_image image=&#8221;170&#8243;][vc_single_image image=&#8221;169&#8243;][vc_single_image image=&#8221;168&#8243;][vc_single_image image=&#8221;167&#8243;]<\/div>[\/vc_column][\/vc_row]<\/p>\n<\/div>","protected":false},"excerpt":{"rendered":"<p>[vc_row wrap_container=&#8221;yes&#8221;][vc_column][vc_custom_heading text=&#8221;&#8221; font_container=&#8221;tag:h2|text_align:center&#8221; use_theme_fonts=&#8221;yes&#8221; el_class=&#8221;m-t-xxl m-b-sm&#8221;][vc_column_text] 2000 y\u0131l\u0131n&#8217;dan bu yana, g\u00fcvenilir ve kal\u0131c\u0131 \u00e7\u00f6z\u00fcmler [\/vc_column_text][vc_separator color=&#8221;custom&#8221; style=&#8221;pattern&#8221; pattern_repeat=&#8221;no-repeat&#8221; pattern_position=&#8221;center center&#8221; pattern_height=&#8221;16&#8243; gap=&#8221;taller&#8221; pattern=&#8221;26&#8243;][vc_row_inner el_class=&#8221;m-b-xlg&#8221;][vc_column_inner width=&#8221;1\/3&#8243; animation_type=&#8221;fadeInUp&#8221;][\/vc_column_inner][vc_column_inner width=&#8221;1\/3&#8243; animation_delay=&#8221;300&#8243; animation_type=&#8221;fadeInUp&#8221;][\/vc_column_inner][vc_column_inner width=&#8221;1\/3&#8243; animation_delay=&#8221;600&#8243; animation_type=&#8221;fadeInUp&#8221;][\/vc_column_inner][\/vc_row_inner][\/vc_column][\/vc_row][vc_row full_width=&#8221;stretch_row&#8221; wrap_container=&#8221;yes&#8221; css=&#8221;.vc_custom_1471485685711{background-image: url(\/\/sw-themes.com\/porto_dummy\/wp-content\/uploads\/2016\/08\/parallax-restaurant.jpg?id=27) !important;}&#8221; el_class=&#8221;section-testimonials&#8221;][vc_column width=&#8221;1\/6&#8243;][\/vc_column][vc_column width=&#8221;2\/3&#8243;][vc_separator color=&#8221;custom&#8221; style=&#8221;pattern&#8221; pattern_repeat=&#8221;no-repeat&#8221; pattern_position=&#8221;center center&#8221; pattern_height=&#8221;16&#8243; gap=&#8221;taller&#8221; pattern=&#8221;26&#8243; el_class=&#8221;m-t-xxl p-t-xl&#8221;][\/vc_column][vc_column width=&#8221;1\/6&#8243;][\/vc_column][\/vc_row][vc_row][vc_column][\/vc_column][\/vc_row]<\/p>\n","protected":false},"author":1,"featured_media":0,"parent":0,"menu_order":0,"comment_status":"closed","ping_status":"closed","template":"","meta":{"footnotes":""},"class_list":["post-143","page","type-page","status-publish","hentry"],"_links":{"self":[{"href":"https:\/\/resis.com.tr\/index.php\/wp-json\/wp\/v2\/pages\/143"}],"collection":[{"href":"https:\/\/resis.com.tr\/index.php\/wp-json\/wp\/v2\/pages"}],"about":[{"href":"https:\/\/resis.com.tr\/index.php\/wp-json\/wp\/v2\/types\/page"}],"author":[{"embeddable":true,"href":"https:\/\/resis.com.tr\/index.php\/wp-json\/wp\/v2\/users\/1"}],"replies":[{"embeddable":true,"href":"https:\/\/resis.com.tr\/index.php\/wp-json\/wp\/v2\/comments?post=143"}],"version-history":[{"count":15,"href":"https:\/\/resis.com.tr\/index.php\/wp-json\/wp\/v2\/pages\/143\/revisions"}],"predecessor-version":[{"id":190,"href":"https:\/\/resis.com.tr\/index.php\/wp-json\/wp\/v2\/pages\/143\/revisions\/190"}],"wp:attachment":[{"href":"https:\/\/resis.com.tr\/index.php\/wp-json\/wp\/v2\/media?parent=143"}],"curies":[{"name":"wp","href":"https:\/\/api.w.org\/{rel}","templated":true}]}}