{"id":206,"date":"2020-07-06T21:53:34","date_gmt":"2020-07-06T18:53:34","guid":{"rendered":"https:\/\/resis.com.tr\/?page_id=206"},"modified":"2020-07-06T22:25:05","modified_gmt":"2020-07-06T19:25:05","slug":"fast-food","status":"publish","type":"page","link":"https:\/\/resis.com.tr\/index.php\/fast-food\/","title":{"rendered":"Fast Food"},"content":{"rendered":"<div class=\"wpb-content-wrapper\"><p>[vc_row parallax=&#8221;content-moving&#8221; parallax_image=&#8221;227&#8243; bg_image_repeat=&#8221;no-repeat&#8221;][vc_column][vc_custom_heading text=&#8221;<strong>Fast Food<\/strong>&#8221; font_container=&#8221;tag:h2|font_size:36|text_align:center&#8221; use_theme_fonts=&#8221;yes&#8221; skin=&#8221;light&#8221; el_class=&#8221;m-t-xlg p-b-xlg p-t-xlg m-b-xlg&#8221;][\/vc_column][\/vc_row][vc_row wrap_container=&#8221;yes&#8221; el_class=&#8221;p-t-xxl p-b-md&#8221;][vc_column][vc_custom_heading text=&#8221;Fast-Food&#8221; use_theme_fonts=&#8221;yes&#8221;][vc_column_text]<img loading=\"lazy\" decoding=\"async\" class=\"size-medium wp-image-209 alignright\" src=\"https:\/\/resis.com.tr\/wp-content\/uploads\/2020\/07\/hizlisatis-257x300.png\" alt=\"\" width=\"257\" height=\"300\" \/><em>Fast-<\/em><em>Food restoranlar\u0131nda h\u0131z her \u015feydir.Fastfood restoranlar\u0131nda sipari\u015fin h\u0131zl\u0131 bir \u015fekilde ve m\u00fc\u015fteriyi y\u00f6nlendirebilir bir \u015fekilde al\u0131n\u0131p restoran mutfa\u011f\u0131na iletilmesi gerekir.<\/em><\/p>\n<p>E\u011fer bir fastfood restoran\u0131n\u0131 y\u00f6netiyorsan\u0131z, karma\u015f\u0131k bir operasyonu b\u00fcy\u00fck bir h\u0131zla ger\u00e7ekle\u015ftirmek zorundas\u0131n\u0131z. Siz b\u00f6ylesine yo\u011funken, etkili bir restoran sistemi i\u015flerinizi b\u00fcy\u00fck \u00f6l\u00e7\u00fcde kolayla\u015ft\u0131rabilir.<\/p>\n<p>Baz\u0131 fastfood restoranlar\u0131 bir merkezden y\u00f6netilir. Merkezin belirledi\u011fi fiyatlar ve promosyonlar\u0131n kasaya h\u0131zl\u0131 bir \u015fekilde yans\u0131mas\u0131 \u00f6nemlidir. Ayn\u0131 \u015fekilde m\u00fc\u015fteri sipari\u015flerinin de kasada h\u0131zl\u0131 bir \u015fekilde de\u011fi\u015ftirilebilmesi gerekir.[\/vc_column_text][\/vc_column][\/vc_row]<\/p>\n<\/div>","protected":false},"excerpt":{"rendered":"<p>[vc_row parallax=&#8221;content-moving&#8221; parallax_image=&#8221;227&#8243; bg_image_repeat=&#8221;no-repeat&#8221;][vc_column][vc_custom_heading text=&#8221;Fast Food&#8221; font_container=&#8221;tag:h2|font_size:36|text_align:center&#8221; use_theme_fonts=&#8221;yes&#8221; skin=&#8221;light&#8221; el_class=&#8221;m-t-xlg p-b-xlg p-t-xlg m-b-xlg&#8221;][\/vc_column][\/vc_row][vc_row wrap_container=&#8221;yes&#8221; el_class=&#8221;p-t-xxl p-b-md&#8221;][vc_column][vc_custom_heading text=&#8221;Fast-Food&#8221; use_theme_fonts=&#8221;yes&#8221;][vc_column_text]Fast-Food restoranlar\u0131nda h\u0131z her \u015feydir.Fastfood restoranlar\u0131nda sipari\u015fin h\u0131zl\u0131 bir \u015fekilde ve m\u00fc\u015fteriyi y\u00f6nlendirebilir bir \u015fekilde al\u0131n\u0131p restoran mutfa\u011f\u0131na iletilmesi gerekir. E\u011fer bir fastfood restoran\u0131n\u0131 y\u00f6netiyorsan\u0131z, karma\u015f\u0131k bir operasyonu b\u00fcy\u00fck bir h\u0131zla ger\u00e7ekle\u015ftirmek zorundas\u0131n\u0131z. Siz b\u00f6ylesine yo\u011funken, etkili bir [&hellip;]<\/p>\n","protected":false},"author":1,"featured_media":0,"parent":0,"menu_order":0,"comment_status":"closed","ping_status":"closed","template":"","meta":{"footnotes":""},"class_list":["post-206","page","type-page","status-publish","hentry"],"_links":{"self":[{"href":"https:\/\/resis.com.tr\/index.php\/wp-json\/wp\/v2\/pages\/206"}],"collection":[{"href":"https:\/\/resis.com.tr\/index.php\/wp-json\/wp\/v2\/pages"}],"about":[{"href":"https:\/\/resis.com.tr\/index.php\/wp-json\/wp\/v2\/types\/page"}],"author":[{"embeddable":true,"href":"https:\/\/resis.com.tr\/index.php\/wp-json\/wp\/v2\/users\/1"}],"replies":[{"embeddable":true,"href":"https:\/\/resis.com.tr\/index.php\/wp-json\/wp\/v2\/comments?post=206"}],"version-history":[{"count":3,"href":"https:\/\/resis.com.tr\/index.php\/wp-json\/wp\/v2\/pages\/206\/revisions"}],"predecessor-version":[{"id":228,"href":"https:\/\/resis.com.tr\/index.php\/wp-json\/wp\/v2\/pages\/206\/revisions\/228"}],"wp:attachment":[{"href":"https:\/\/resis.com.tr\/index.php\/wp-json\/wp\/v2\/media?parent=206"}],"curies":[{"name":"wp","href":"https:\/\/api.w.org\/{rel}","templated":true}]}}