{"id":214,"date":"2020-07-06T22:11:43","date_gmt":"2020-07-06T19:11:43","guid":{"rendered":"https:\/\/resis.com.tr\/?page_id=214"},"modified":"2020-07-06T22:17:03","modified_gmt":"2020-07-06T19:17:03","slug":"pastane","status":"publish","type":"page","link":"https:\/\/resis.com.tr\/index.php\/pastane\/","title":{"rendered":"Pastane"},"content":{"rendered":"<div class=\"wpb-content-wrapper\"><p>[vc_row parallax=&#8221;content-moving&#8221; parallax_image=&#8221;221&#8243; bg_image_repeat=&#8221;no-repeat&#8221;][vc_column][vc_custom_heading text=&#8221;<strong>Pastane<\/strong>&#8221; font_container=&#8221;tag:h2|font_size:36|text_align:center&#8221; use_theme_fonts=&#8221;yes&#8221; skin=&#8221;light&#8221; el_class=&#8221;m-t-xlg p-b-xlg p-t-xlg m-b-xlg&#8221;][\/vc_column][\/vc_row][vc_row wrap_container=&#8221;yes&#8221; el_class=&#8221;p-t-xxl p-b-md&#8221;][vc_column][vc_custom_heading text=&#8221;Pastane&#8221; use_theme_fonts=&#8221;yes&#8221;][vc_column_text]<em>Pastanelerde \u00fcretim i\u015flemleri ters i\u015flemektedir \u00f6nce \u00fcr\u00fcnler \u00fcretilir ve sonras\u0131nda \u00fcr\u00fcnler m\u00fc\u015fteriye sunulur.\u00dcretimlerde olu\u015fan fireler ve zayiler \u00fcretim esnas\u0131nda tutulur.<img loading=\"lazy\" decoding=\"async\" class=\"size-medium wp-image-215 alignleft\" src=\"https:\/\/resis.com.tr\/wp-content\/uploads\/2020\/07\/pastane-300x222.png\" alt=\"\" width=\"300\" height=\"222\" \/><br \/>\n<\/em><\/p>\n<p>Restoranlardan farkl\u0131 olarak pastaneler, m\u00fc\u015fteri trafi\u011finin daha yo\u011fun, tedarik s\u00fcre\u00e7lerinin daha karma\u015f\u0131k oldu\u011fu yap\u0131lard\u0131r. G\u00fcn i\u00e7inde hizmet verilmesi gereken m\u00fc\u015fteri say\u0131s\u0131n\u0131n fazlal\u0131\u011f\u0131 yan\u0131nda \u00fcretim s\u00fcrecinin karma\u015f\u0131k yap\u0131s\u0131, pastanelerde kullan\u0131lan sistemlerin hayati \u00f6neme sahip olmas\u0131n\u0131 sa\u011flar.<\/p>\n<p>Pastanelerde hem tezg\u00e2hta hem de masalarda m\u00fc\u015fterilere hizmet verilir. Baz\u0131 \u00fcr\u00fcnler kiloyla baz\u0131 \u00fcr\u00fcnler taneyle sat\u0131l\u0131r. Bir \u00e7ay i\u00e7mek i\u00e7in masaya oturan m\u00fc\u015fteriniz, i\u015fletmenizden ayr\u0131l\u0131rken evine g\u00f6t\u00fcrmek i\u00e7in istedi\u011fi \u00fcr\u00fcn\u00fc paket sipari\u015fi verebilir.<\/p>\n<p>[\/vc_column_text][\/vc_column][\/vc_row]<\/p>\n<\/div>","protected":false},"excerpt":{"rendered":"<p>[vc_row parallax=&#8221;content-moving&#8221; parallax_image=&#8221;221&#8243; bg_image_repeat=&#8221;no-repeat&#8221;][vc_column][vc_custom_heading text=&#8221;Pastane&#8221; font_container=&#8221;tag:h2|font_size:36|text_align:center&#8221; use_theme_fonts=&#8221;yes&#8221; skin=&#8221;light&#8221; el_class=&#8221;m-t-xlg p-b-xlg p-t-xlg m-b-xlg&#8221;][\/vc_column][\/vc_row][vc_row wrap_container=&#8221;yes&#8221; el_class=&#8221;p-t-xxl p-b-md&#8221;][vc_column][vc_custom_heading text=&#8221;Pastane&#8221; use_theme_fonts=&#8221;yes&#8221;][vc_column_text]Pastanelerde \u00fcretim i\u015flemleri ters i\u015flemektedir \u00f6nce \u00fcr\u00fcnler \u00fcretilir ve sonras\u0131nda \u00fcr\u00fcnler m\u00fc\u015fteriye sunulur.\u00dcretimlerde olu\u015fan fireler ve zayiler \u00fcretim esnas\u0131nda tutulur. Restoranlardan farkl\u0131 olarak pastaneler, m\u00fc\u015fteri trafi\u011finin daha yo\u011fun, tedarik s\u00fcre\u00e7lerinin daha karma\u015f\u0131k oldu\u011fu yap\u0131lard\u0131r. G\u00fcn i\u00e7inde hizmet verilmesi gereken [&hellip;]<\/p>\n","protected":false},"author":1,"featured_media":0,"parent":0,"menu_order":0,"comment_status":"closed","ping_status":"closed","template":"","meta":{"footnotes":""},"class_list":["post-214","page","type-page","status-publish","hentry"],"_links":{"self":[{"href":"https:\/\/resis.com.tr\/index.php\/wp-json\/wp\/v2\/pages\/214"}],"collection":[{"href":"https:\/\/resis.com.tr\/index.php\/wp-json\/wp\/v2\/pages"}],"about":[{"href":"https:\/\/resis.com.tr\/index.php\/wp-json\/wp\/v2\/types\/page"}],"author":[{"embeddable":true,"href":"https:\/\/resis.com.tr\/index.php\/wp-json\/wp\/v2\/users\/1"}],"replies":[{"embeddable":true,"href":"https:\/\/resis.com.tr\/index.php\/wp-json\/wp\/v2\/comments?post=214"}],"version-history":[{"count":2,"href":"https:\/\/resis.com.tr\/index.php\/wp-json\/wp\/v2\/pages\/214\/revisions"}],"predecessor-version":[{"id":222,"href":"https:\/\/resis.com.tr\/index.php\/wp-json\/wp\/v2\/pages\/214\/revisions\/222"}],"wp:attachment":[{"href":"https:\/\/resis.com.tr\/index.php\/wp-json\/wp\/v2\/media?parent=214"}],"curies":[{"name":"wp","href":"https:\/\/api.w.org\/{rel}","templated":true}]}}