{"id":217,"date":"2020-07-06T22:15:01","date_gmt":"2020-07-06T19:15:01","guid":{"rendered":"https:\/\/resis.com.tr\/?page_id=217"},"modified":"2020-07-06T22:15:01","modified_gmt":"2020-07-06T19:15:01","slug":"kafe","status":"publish","type":"page","link":"https:\/\/resis.com.tr\/index.php\/kafe\/","title":{"rendered":"Kafe"},"content":{"rendered":"<div class=\"wpb-content-wrapper\"><p>[vc_row parallax=&#8221;content-moving&#8221; parallax_image=&#8221;218&#8243; bg_image_repeat=&#8221;no-repeat&#8221;][vc_column][vc_custom_heading text=&#8221;<strong>Kafe<\/strong>&#8221; font_container=&#8221;tag:h2|font_size:36|text_align:center&#8221; use_theme_fonts=&#8221;yes&#8221; skin=&#8221;light&#8221; el_class=&#8221;m-t-xlg p-b-xlg p-t-xlg m-b-xlg&#8221;][\/vc_column][\/vc_row][vc_row wrap_container=&#8221;yes&#8221; el_class=&#8221;p-t-xxl p-b-md&#8221;][vc_column][vc_custom_heading text=&#8221;Kafe&#8221; use_theme_fonts=&#8221;yes&#8221;][vc_column_text]<img loading=\"lazy\" decoding=\"async\" class=\"size-medium wp-image-209 alignright\" src=\"https:\/\/resis.com.tr\/wp-content\/uploads\/2020\/07\/hizlisatis-257x300.png\" alt=\"\" width=\"257\" height=\"300\" \/><\/p>\n<div id=\"button-0905b7066d05be47714772009da61163\" class=\"sh-button-container sh-button-style-3\">\n<p>Kafeler, modern hayat\u0131n \u00f6nemli bir par\u00e7as\u0131. Kentlerde ya\u015fayan insanlar kafelerde dinleniyor ve sevdikleriyle bulu\u015fuyorlar. M\u00fc\u015fterilerine s\u0131cak bir atmosfer sunmay\u0131 ama\u00e7layan kafeler dekorasyonlar\u0131yla, men\u00fcleriyle ve sunduklar\u0131 hizmetlerle farkl\u0131la\u015fmaya \u00e7al\u0131\u015f\u0131yorlar.<\/p>\n<p>Farkl\u0131 konseptlere sahip olan kafelerin otomasyon sistemlerindeki ihtiya\u00e7lar\u0131 da birbirinden farkl\u0131. Self servis kafelerde h\u0131zl\u0131 bir \u015fekilde sipari\u015f alabilmek, kahve zincirlerinde merkezin belirledi\u011fi fiyat ve promosyonlar\u0131 an\u0131nda kasada g\u00f6rebilmek ve kilo ile sipari\u015f alabilmek \u00e7ok \u00f6nemli. \u00d6te yandan genellikle k\u00fc\u00e7\u00fck mek\u00e2nlara sahip olan bu i\u015fletmelerde kasa \u00f6n\u00fcnde kuyruklar\u0131n uzamamas\u0131 \u015fart.<\/p>\n<\/div>\n<p>[\/vc_column_text][\/vc_column][\/vc_row]<\/p>\n<\/div>","protected":false},"excerpt":{"rendered":"<p>[vc_row parallax=&#8221;content-moving&#8221; parallax_image=&#8221;218&#8243; bg_image_repeat=&#8221;no-repeat&#8221;][vc_column][vc_custom_heading text=&#8221;Kafe&#8221; font_container=&#8221;tag:h2|font_size:36|text_align:center&#8221; use_theme_fonts=&#8221;yes&#8221; skin=&#8221;light&#8221; el_class=&#8221;m-t-xlg p-b-xlg p-t-xlg m-b-xlg&#8221;][\/vc_column][\/vc_row][vc_row wrap_container=&#8221;yes&#8221; el_class=&#8221;p-t-xxl p-b-md&#8221;][vc_column][vc_custom_heading text=&#8221;Kafe&#8221; use_theme_fonts=&#8221;yes&#8221;][vc_column_text] Kafeler, modern hayat\u0131n \u00f6nemli bir par\u00e7as\u0131. Kentlerde ya\u015fayan insanlar kafelerde dinleniyor ve sevdikleriyle bulu\u015fuyorlar. M\u00fc\u015fterilerine s\u0131cak bir atmosfer sunmay\u0131 ama\u00e7layan kafeler dekorasyonlar\u0131yla, men\u00fcleriyle ve sunduklar\u0131 hizmetlerle farkl\u0131la\u015fmaya \u00e7al\u0131\u015f\u0131yorlar. Farkl\u0131 konseptlere sahip olan kafelerin otomasyon sistemlerindeki ihtiya\u00e7lar\u0131 da birbirinden [&hellip;]<\/p>\n","protected":false},"author":1,"featured_media":0,"parent":0,"menu_order":0,"comment_status":"closed","ping_status":"closed","template":"","meta":{"footnotes":""},"class_list":["post-217","page","type-page","status-publish","hentry"],"_links":{"self":[{"href":"https:\/\/resis.com.tr\/index.php\/wp-json\/wp\/v2\/pages\/217"}],"collection":[{"href":"https:\/\/resis.com.tr\/index.php\/wp-json\/wp\/v2\/pages"}],"about":[{"href":"https:\/\/resis.com.tr\/index.php\/wp-json\/wp\/v2\/types\/page"}],"author":[{"embeddable":true,"href":"https:\/\/resis.com.tr\/index.php\/wp-json\/wp\/v2\/users\/1"}],"replies":[{"embeddable":true,"href":"https:\/\/resis.com.tr\/index.php\/wp-json\/wp\/v2\/comments?post=217"}],"version-history":[{"count":2,"href":"https:\/\/resis.com.tr\/index.php\/wp-json\/wp\/v2\/pages\/217\/revisions"}],"predecessor-version":[{"id":220,"href":"https:\/\/resis.com.tr\/index.php\/wp-json\/wp\/v2\/pages\/217\/revisions\/220"}],"wp:attachment":[{"href":"https:\/\/resis.com.tr\/index.php\/wp-json\/wp\/v2\/media?parent=217"}],"curies":[{"name":"wp","href":"https:\/\/api.w.org\/{rel}","templated":true}]}}