{"id":223,"date":"2020-07-06T22:22:23","date_gmt":"2020-07-06T19:22:23","guid":{"rendered":"https:\/\/resis.com.tr\/?page_id=223"},"modified":"2020-07-06T22:22:23","modified_gmt":"2020-07-06T19:22:23","slug":"dernek","status":"publish","type":"page","link":"https:\/\/resis.com.tr\/index.php\/dernek\/","title":{"rendered":"Dernek Y\u00f6netimi"},"content":{"rendered":"<div class=\"wpb-content-wrapper\"><p>[vc_row parallax=&#8221;content-moving&#8221; parallax_image=&#8221;225&#8243; bg_image_repeat=&#8221;no-repeat&#8221;][vc_column][vc_custom_heading text=&#8221;<strong>Dernek Y\u00f6netimi<\/strong>&#8221; font_container=&#8221;tag:h2|font_size:36|text_align:center&#8221; use_theme_fonts=&#8221;yes&#8221; skin=&#8221;light&#8221; el_class=&#8221;m-t-xlg p-b-xlg p-t-xlg m-b-xlg&#8221;][\/vc_column][\/vc_row][vc_row wrap_container=&#8221;yes&#8221; el_class=&#8221;p-t-xxl p-b-md&#8221;][vc_column][vc_custom_heading text=&#8221;Dernek Y\u00f6netimi&#8221; use_theme_fonts=&#8221;yes&#8221;][vc_column_text]<em>Kul\u00fcp, dernek lokali ve okul kantini gibi \u00fcyelere ya da \u00f6\u011frencilere hizmet veren i\u015fletmelerde h\u0131zl\u0131 ve verimli \u00e7al\u0131\u015fabilmek \u00e7ok \u00f6nemli. \u00dcyelik sisteminin de olabildi\u011fi bu i\u015fletmelerde \u00fcye takibi yapabilecek, \u00fcyelere \u00f6zel promosyonlar sunabilecek bir altyap\u0131ya sahip olmak b\u00fcy\u00fck bir avantaj.<\/em><\/p>\n<p>Kul\u00fcp, dernek ve okul kantini gibi d\u0131\u015far\u0131ya kapal\u0131 i\u015fletmelerde g\u00fcn i\u00e7inde y\u00fcksek bir trafik ya\u015fan\u0131r. \u0130\u015fletmenin bu trafi\u011fe cevap verecek bir altyap\u0131ya sahip olmas\u0131 \u00f6nemlidir. B\u00f6yle bir altyap\u0131 sayesinde \u00fcye ya da \u00f6\u011frencilerin ihtiya\u00e7lar\u0131 sorunsuz bir \u015fekilde kar\u015f\u0131lanabilir.<\/p>\n<p>Bu i\u015fletmelerden baz\u0131lar\u0131, \u00fcyelerine \u00f6zel avantajlar sunan \u00fcyelik kart\u0131 uygulamalar\u0131na sahip olabilir. \u00dcye ba\u011fl\u0131l\u0131\u011f\u0131n\u0131 artt\u0131ran b\u00f6yle uygulamalar i\u00e7in, bu uygulamalar\u0131n hayata ge\u00e7mesini sa\u011flayacak bir altyap\u0131ya sahip olmak gerekir.[\/vc_column_text][\/vc_column][\/vc_row]<\/p>\n<\/div>","protected":false},"excerpt":{"rendered":"<p>[vc_row parallax=&#8221;content-moving&#8221; parallax_image=&#8221;225&#8243; bg_image_repeat=&#8221;no-repeat&#8221;][vc_column][vc_custom_heading text=&#8221;Dernek Y\u00f6netimi&#8221; font_container=&#8221;tag:h2|font_size:36|text_align:center&#8221; use_theme_fonts=&#8221;yes&#8221; skin=&#8221;light&#8221; el_class=&#8221;m-t-xlg p-b-xlg p-t-xlg m-b-xlg&#8221;][\/vc_column][\/vc_row][vc_row wrap_container=&#8221;yes&#8221; el_class=&#8221;p-t-xxl p-b-md&#8221;][vc_column][vc_custom_heading text=&#8221;Dernek Y\u00f6netimi&#8221; use_theme_fonts=&#8221;yes&#8221;][vc_column_text]Kul\u00fcp, dernek lokali ve okul kantini gibi \u00fcyelere ya da \u00f6\u011frencilere hizmet veren i\u015fletmelerde h\u0131zl\u0131 ve verimli \u00e7al\u0131\u015fabilmek \u00e7ok \u00f6nemli. \u00dcyelik sisteminin de olabildi\u011fi bu i\u015fletmelerde \u00fcye takibi yapabilecek, \u00fcyelere \u00f6zel promosyonlar sunabilecek bir altyap\u0131ya sahip olmak [&hellip;]<\/p>\n","protected":false},"author":1,"featured_media":0,"parent":0,"menu_order":0,"comment_status":"closed","ping_status":"closed","template":"","meta":{"footnotes":""},"class_list":["post-223","page","type-page","status-publish","hentry"],"_links":{"self":[{"href":"https:\/\/resis.com.tr\/index.php\/wp-json\/wp\/v2\/pages\/223"}],"collection":[{"href":"https:\/\/resis.com.tr\/index.php\/wp-json\/wp\/v2\/pages"}],"about":[{"href":"https:\/\/resis.com.tr\/index.php\/wp-json\/wp\/v2\/types\/page"}],"author":[{"embeddable":true,"href":"https:\/\/resis.com.tr\/index.php\/wp-json\/wp\/v2\/users\/1"}],"replies":[{"embeddable":true,"href":"https:\/\/resis.com.tr\/index.php\/wp-json\/wp\/v2\/comments?post=223"}],"version-history":[{"count":1,"href":"https:\/\/resis.com.tr\/index.php\/wp-json\/wp\/v2\/pages\/223\/revisions"}],"predecessor-version":[{"id":226,"href":"https:\/\/resis.com.tr\/index.php\/wp-json\/wp\/v2\/pages\/223\/revisions\/226"}],"wp:attachment":[{"href":"https:\/\/resis.com.tr\/index.php\/wp-json\/wp\/v2\/media?parent=223"}],"curies":[{"name":"wp","href":"https:\/\/api.w.org\/{rel}","templated":true}]}}