{"id":235,"date":"2020-07-06T22:32:59","date_gmt":"2020-07-06T19:32:59","guid":{"rendered":"https:\/\/resis.com.tr\/?page_id=235"},"modified":"2020-07-06T22:33:18","modified_gmt":"2020-07-06T19:33:18","slug":"masasip","status":"publish","type":"page","link":"https:\/\/resis.com.tr\/index.php\/masasip\/","title":{"rendered":"RES\u0130S RESTORAN Y\u00d6NET\u0130M\u0130 (MASA S\u0130PAR\u0130\u015e)"},"content":{"rendered":"<div class=\"wpb-content-wrapper\"><p>[vc_row wrap_container=&#8221;yes&#8221; el_class=&#8221;p-t-xxl p-b-md&#8221;][vc_column][vc_row_inner][vc_column_inner width=&#8221;2\/3&#8243;][vc_custom_heading text=&#8221;RES\u0130S RESTORAN Y\u00d6NET\u0130M\u0130 (MASA S\u0130PAR\u0130\u015e)&#8221; use_theme_fonts=&#8221;yes&#8221;][vc_column_text]<\/p>\n<table style=\"height: 663px;\" width=\"808\">\n<tbody>\n<tr>\n<td width=\"456\">Ala cart, Bistro ve di\u011fer t\u00fcm servis hizmeti veren<\/td>\n<\/tr>\n<tr>\n<td>i\u015fletmeler i\u00e7in tasarlanm\u0131\u015f alt yap\u0131s\u0131 kolay kullan\u0131m\u0131 ile \u00f6ne \u00e7\u0131kmaktad\u0131r.<\/td>\n<\/tr>\n<tr>\n<td>Adisyon par\u00e7alama i\u015flemi<\/td>\n<\/tr>\n<tr>\n<td>\u0130stenilen \u00f6deme tipine ve karma tahsilat i\u015flemi<\/td>\n<\/tr>\n<tr>\n<td>\u00dcr\u00fcn, katagori ve m\u00fc\u015fteriye g\u00f6re \u00f6zel indirim uygulamalar\u0131<\/td>\n<\/tr>\n<tr>\n<td>Men\u00fc i\u00e7eri\u011fini istenildi\u011finde de\u011fi\u015ftirebilme \u00f6zelli\u011fi<\/td>\n<\/tr>\n<tr>\n<td>\u0130stenilen masa ad\u0131n\u0131n an\u0131nda m\u00fc\u015fteri ad\u0131 ile de\u011fi\u015ftirilebilmesi<\/td>\n<\/tr>\n<tr>\n<td>Mar\u015f \u00f6zelli\u011fi<\/td>\n<\/tr>\n<tr>\n<td>Resmi ve gayri resmi adisyon kesebilme \u00f6zelli\u011fi<\/td>\n<\/tr>\n<tr>\n<td>M\u00fc\u015fteri t\u00fcrlerine g\u00f6re 3 ayr\u0131 fiyat \u00f6zelli\u011fi<\/td>\n<\/tr>\n<tr>\n<td>Sipari\u015fi g\u00f6nderilmesi unutulan \u00fc\u00fcrnlerin ayr\u0131 bir masa rengi ile uyar\u0131lmas\u0131<\/td>\n<\/tr>\n<\/tbody>\n<\/table>\n<p>[\/vc_column_text][\/vc_column_inner][vc_column_inner width=&#8221;1\/3&#8243;][vc_single_image image=&#8221;236&#8243; img_size=&#8221;large&#8221; label=&#8221;&#8221;][\/vc_column_inner][\/vc_row_inner][\/vc_column][\/vc_row]<\/p>\n<\/div>","protected":false},"excerpt":{"rendered":"<p>[vc_row wrap_container=&#8221;yes&#8221; el_class=&#8221;p-t-xxl p-b-md&#8221;][vc_column][vc_row_inner][vc_column_inner width=&#8221;2\/3&#8243;][vc_custom_heading text=&#8221;RES\u0130S RESTORAN Y\u00d6NET\u0130M\u0130 (MASA S\u0130PAR\u0130\u015e)&#8221; use_theme_fonts=&#8221;yes&#8221;][vc_column_text] Ala cart, Bistro ve di\u011fer t\u00fcm servis hizmeti veren i\u015fletmeler i\u00e7in tasarlanm\u0131\u015f alt yap\u0131s\u0131 kolay kullan\u0131m\u0131 ile \u00f6ne \u00e7\u0131kmaktad\u0131r. Adisyon par\u00e7alama i\u015flemi \u0130stenilen \u00f6deme tipine ve karma tahsilat i\u015flemi \u00dcr\u00fcn, katagori ve m\u00fc\u015fteriye g\u00f6re \u00f6zel indirim uygulamalar\u0131 Men\u00fc i\u00e7eri\u011fini istenildi\u011finde de\u011fi\u015ftirebilme \u00f6zelli\u011fi \u0130stenilen masa [&hellip;]<\/p>\n","protected":false},"author":1,"featured_media":0,"parent":0,"menu_order":0,"comment_status":"closed","ping_status":"closed","template":"","meta":{"footnotes":""},"class_list":["post-235","page","type-page","status-publish","hentry"],"_links":{"self":[{"href":"https:\/\/resis.com.tr\/index.php\/wp-json\/wp\/v2\/pages\/235"}],"collection":[{"href":"https:\/\/resis.com.tr\/index.php\/wp-json\/wp\/v2\/pages"}],"about":[{"href":"https:\/\/resis.com.tr\/index.php\/wp-json\/wp\/v2\/types\/page"}],"author":[{"embeddable":true,"href":"https:\/\/resis.com.tr\/index.php\/wp-json\/wp\/v2\/users\/1"}],"replies":[{"embeddable":true,"href":"https:\/\/resis.com.tr\/index.php\/wp-json\/wp\/v2\/comments?post=235"}],"version-history":[{"count":4,"href":"https:\/\/resis.com.tr\/index.php\/wp-json\/wp\/v2\/pages\/235\/revisions"}],"predecessor-version":[{"id":240,"href":"https:\/\/resis.com.tr\/index.php\/wp-json\/wp\/v2\/pages\/235\/revisions\/240"}],"wp:attachment":[{"href":"https:\/\/resis.com.tr\/index.php\/wp-json\/wp\/v2\/media?parent=235"}],"curies":[{"name":"wp","href":"https:\/\/api.w.org\/{rel}","templated":true}]}}