{"id":241,"date":"2020-07-06T22:35:31","date_gmt":"2020-07-06T19:35:31","guid":{"rendered":"https:\/\/resis.com.tr\/?page_id=241"},"modified":"2024-07-19T14:02:44","modified_gmt":"2024-07-19T11:02:44","slug":"hizli","status":"publish","type":"page","link":"https:\/\/resis.com.tr\/index.php\/hizli\/","title":{"rendered":"HIZLI SATI\u015e"},"content":{"rendered":"<div class=\"wpb-content-wrapper\"><p>[vc_row wrap_container=&#8221;yes&#8221; el_class=&#8221;p-t-xxl p-b-md&#8221;][vc_column][vc_row_inner][vc_column_inner width=&#8221;2\/3&#8243;][vc_custom_heading text=&#8221;HIZLI SATI\u015e&#8221; use_theme_fonts=&#8221;yes&#8221;][vc_column_text css=&#8221;&#8221;]<b>G\u00f6z Kama\u015ft\u0131r\u0131c\u0131 Men\u00fcler<\/b><\/p>\n<div class=\"w-iconbox iconpos_left style_default color_primary align_left\">\n<div class=\"w-iconbox-meta\">\n<div class=\"w-iconbox-text\">\n<p>H\u0131zl\u0131 sat\u0131\u015f restoran\u0131, h\u0131zl\u0131 bir \u015fekilde g\u00fcncellenebilen bir men\u00fcye ihtiya\u00e7 duyar. Resis ile her \u00fcr\u00fcn i\u015fletmeye \u00f6zel foto\u011fraflarla sunulabilir. Men\u00fc \u00fcr\u00fcnleri ek \u00fcr\u00fcnler ve Kombo se\u00e7enekleri ile tercihinize g\u00f6re ayarlanabilir. Men\u00fcn\u00fcz\u00fc \u015fubelerinize g\u00f6re otomatik olarak g\u00fcncelleyebilir, ek sat\u0131\u015f ve bayram teklifleri ekleyebilir ve hatta \u00e7ok dilli ekranlar olu\u015fturabilirsiniz.<\/p>\n<\/div>\n<\/div>\n<\/div>\n<div class=\"w-separator size_custom\"><\/div>\n<div class=\"w-iconbox iconpos_left style_default color_primary align_left\">\n<div class=\"w-iconbox-meta\">\n<p class=\"w-iconbox-title\"><b>Sorunsuz Stok Y\u00f6netimi<\/b><\/p>\n<div class=\"w-iconbox-text\">\n<p>Stoklar\u0131 takip etmek ve asla stoksuz kalmamak i\u00e7in Resis \u2013 H\u0131zl\u0131 Servis al\u0131n. Yaz\u0131l\u0131m, ger\u00e7ek zamanl\u0131, kapsaml\u0131 bilgi sa\u011flar. Sa\u011flad\u0131klar\u0131:<\/p>\n<ul>\n<li>Ne zaman yeniden \u00fcr\u00fcn sat\u0131n alaca\u011f\u0131n\u0131z\u0131 size hemen bildirir<\/li>\n<li>Malzeme israf\u0131n\u0131 azalt\u0131r<\/li>\n<li>Tedarik\u00e7ileriniz ve sat\u0131c\u0131lar\u0131n\u0131z ile ili\u015fkilerinizi y\u00f6netir<\/li>\n<\/ul>\n<table style=\"height: 161px;\" width=\"732\">\n<tbody>\n<tr>\n<td width=\"447\">\u00dcr\u00fcn, katagori ve m\u00fc\u015fteriye g\u00f6re \u00f6zel indirim uygulamalar\u0131<\/td>\n<\/tr>\n<tr>\n<td>Men\u00fc i\u00e7eri\u011fini istenildi\u011finde de\u011fi\u015ftirebilme \u00f6zelli\u011fi<\/td>\n<\/tr>\n<tr>\n<td>M\u00fc\u015fteri t\u00fcrlerine g\u00f6re 3 ayr\u0131 fiyat \u00f6zelli\u011fi<\/td>\n<\/tr>\n<tr>\n<td>barkodlu yada dokunmatik kullanma imkan\u0131<\/td>\n<\/tr>\n<tr>\n<td>AVM lerde m\u00fc\u015fteri \u00e7a\u011fr\u0131 sistemi ile \u00f6zel m\u00fc\u015fteri numara takip \u00f6zelli\u011fi<\/td>\n<\/tr>\n<\/tbody>\n<\/table>\n<\/div>\n<\/div>\n<\/div>\n<p>[\/vc_column_text][\/vc_column_inner][vc_column_inner width=&#8221;1\/3&#8243;][vc_single_image image=&#8221;209&#8243; img_size=&#8221;large&#8221; onclick=&#8221;link_image&#8221; css=&#8221;&#8221; label=&#8221;&#8221;][\/vc_column_inner][\/vc_row_inner][\/vc_column][\/vc_row]<\/p>\n<\/div>","protected":false},"excerpt":{"rendered":"<p>[vc_row wrap_container=&#8221;yes&#8221; el_class=&#8221;p-t-xxl p-b-md&#8221;][vc_column][vc_row_inner][vc_column_inner width=&#8221;2\/3&#8243;][vc_custom_heading text=&#8221;HIZLI SATI\u015e&#8221; use_theme_fonts=&#8221;yes&#8221;][vc_column_text css=&#8221;&#8221;]G\u00f6z Kama\u015ft\u0131r\u0131c\u0131 Men\u00fcler H\u0131zl\u0131 sat\u0131\u015f restoran\u0131, h\u0131zl\u0131 bir \u015fekilde g\u00fcncellenebilen bir men\u00fcye ihtiya\u00e7 duyar. Resis ile her \u00fcr\u00fcn i\u015fletmeye \u00f6zel foto\u011fraflarla sunulabilir. Men\u00fc \u00fcr\u00fcnleri ek \u00fcr\u00fcnler ve Kombo se\u00e7enekleri ile tercihinize g\u00f6re ayarlanabilir. Men\u00fcn\u00fcz\u00fc \u015fubelerinize g\u00f6re otomatik olarak g\u00fcncelleyebilir, ek sat\u0131\u015f ve bayram teklifleri ekleyebilir ve hatta [&hellip;]<\/p>\n","protected":false},"author":1,"featured_media":0,"parent":0,"menu_order":0,"comment_status":"closed","ping_status":"closed","template":"","meta":{"footnotes":""},"class_list":["post-241","page","type-page","status-publish","hentry"],"_links":{"self":[{"href":"https:\/\/resis.com.tr\/index.php\/wp-json\/wp\/v2\/pages\/241"}],"collection":[{"href":"https:\/\/resis.com.tr\/index.php\/wp-json\/wp\/v2\/pages"}],"about":[{"href":"https:\/\/resis.com.tr\/index.php\/wp-json\/wp\/v2\/types\/page"}],"author":[{"embeddable":true,"href":"https:\/\/resis.com.tr\/index.php\/wp-json\/wp\/v2\/users\/1"}],"replies":[{"embeddable":true,"href":"https:\/\/resis.com.tr\/index.php\/wp-json\/wp\/v2\/comments?post=241"}],"version-history":[{"count":2,"href":"https:\/\/resis.com.tr\/index.php\/wp-json\/wp\/v2\/pages\/241\/revisions"}],"predecessor-version":[{"id":279,"href":"https:\/\/resis.com.tr\/index.php\/wp-json\/wp\/v2\/pages\/241\/revisions\/279"}],"wp:attachment":[{"href":"https:\/\/resis.com.tr\/index.php\/wp-json\/wp\/v2\/media?parent=241"}],"curies":[{"name":"wp","href":"https:\/\/api.w.org\/{rel}","templated":true}]}}