{"id":243,"date":"2020-07-06T22:42:04","date_gmt":"2020-07-06T19:42:04","guid":{"rendered":"https:\/\/resis.com.tr\/?page_id=243"},"modified":"2024-07-19T13:59:15","modified_gmt":"2024-07-19T10:59:15","slug":"paket","status":"publish","type":"page","link":"https:\/\/resis.com.tr\/index.php\/paket\/","title":{"rendered":"PAKET SERV\u0130S"},"content":{"rendered":"<div class=\"wpb-content-wrapper\"><p>[vc_row wrap_container=&#8221;yes&#8221; el_class=&#8221;p-t-xxl p-b-md&#8221;][vc_column][vc_row_inner][vc_column_inner width=&#8221;2\/3&#8243;][vc_custom_heading text=&#8221;PAKET SERV\u0130S&#8221; use_theme_fonts=&#8221;yes&#8221;][vc_column_text css=&#8221;&#8221;]<\/p>\n<div class=\"wpb_text_column\">\n<div class=\"wpb_wrapper\">\n<h2><strong>Y\u00fcksek M\u00fc\u015fteri Deneyimi<\/strong><\/h2>\n<p>M\u00fc\u015fterilerinizi katma de\u011ferli hizmetlerle memnun edin!<\/p>\n<\/div>\n<\/div>\n<div class=\"w-separator size_custom\"><b>H\u0131zl\u0131 Bildirimler<\/b><\/div>\n<div class=\"w-iconbox iconpos_left style_default color_primary align_left\">\n<div class=\"w-iconbox-meta\">\n<div class=\"w-iconbox-text\">\n<p>SMS ve e-posta yoluyla \u00f6deme onaylar\u0131, teslimat bildirimleri ve sipari\u015f durumu g\u00f6nderin.<\/p>\n<\/div>\n<\/div>\n<\/div>\n<div class=\"w-separator size_custom\"><b>Caller ID Sistemi<\/b><\/div>\n<div class=\"w-iconbox iconpos_left style_default color_primary align_left\">\n<div class=\"w-iconbox-meta\">\n<div class=\"w-iconbox-text\">\n<p>Caller ID sistemini kullanarak hangi m\u00fc\u015fterinin arad\u0131\u011f\u0131n\u0131 \u00f6\u011frenin ve daha iyi hizmet i\u00e7in verilerini (ad, telefon, adres, sipari\u015fler vb.) kaydedin.<\/p>\n<\/div>\n<\/div>\n<\/div>\n<div class=\"w-separator size_custom\"><b>Promosyonlar ve Kampanyalar<\/b><\/div>\n<div class=\"w-iconbox iconpos_left style_default color_primary align_left\">\n<div class=\"w-iconbox-meta\">\n<div class=\"w-iconbox-text\">\n<p>Kampanya bilgilerini ve ayr\u0131nt\u0131lar\u0131 yeni ve s\u0131k gelen m\u00fc\u015fterilerle payla\u015f\u0131n. Daha iyi marka bilinci olu\u015fturmak i\u00e7in mesajlar\u0131n\u0131z\u0131 \u00f6zelle\u015ftirin.<\/p>\n<\/div>\n<\/div>\n<\/div>\n<div class=\"w-separator size_custom\"><b>Do\u011fum G\u00fcnleri ve Di\u011fer \u00d6zel G\u00fcnler<\/b><\/div>\n<div class=\"w-iconbox iconpos_left style_default color_primary align_left\">\n<div class=\"w-iconbox-meta\">\n<div class=\"w-iconbox-text\">\n<p>Do\u011fum g\u00fcnleri, y\u0131l d\u00f6n\u00fcmleri, festivaller ve di\u011fer etkinliklerde indirim kodlar\u0131yla birlikte izni olan m\u00fc\u015fterilere tebrik mesajlar\u0131 g\u00f6ndererek m\u00fc\u015fterilerinizi mutlu edin.<\/p>\n<\/div>\n<\/div>\n<\/div>\n<div class=\"w-separator size_custom\"><\/div>\n<div class=\"w-iconbox iconpos_left style_default color_primary align_left\">\n<div class=\"w-iconbox-icon\"><b>Sadakat programlar\u0131<\/b><\/div>\n<div class=\"w-iconbox-meta\">\n<div class=\"w-iconbox-text\">\n<p>Markan\u0131za uygun bir \u00f6d\u00fcl puan plan\u0131 olu\u015fturun! M\u00fc\u015fterilerinize sizden sipari\u015f vermeleri i\u00e7in kazan\u00e7l\u0131 nedenler verin. \u0130ndirimler ve teklifler olu\u015fturun, kademeli bir sadakat program\u0131 d\u00fczenleyin ve sad\u0131k m\u00fc\u015fterileriniz i\u00e7in \u00f6zel kampanyalar y\u00fcr\u00fct\u00fcn.<\/p>\n<\/div>\n<\/div>\n<\/div>\n<p>[\/vc_column_text][\/vc_column_inner][vc_column_inner width=&#8221;1\/3&#8243;][vc_single_image image=&#8221;247&#8243; img_size=&#8221;large&#8221; onclick=&#8221;link_image&#8221; css=&#8221;&#8221; label=&#8221;&#8221;][\/vc_column_inner][\/vc_row_inner][\/vc_column][\/vc_row]<\/p>\n<\/div>","protected":false},"excerpt":{"rendered":"<p>[vc_row wrap_container=&#8221;yes&#8221; el_class=&#8221;p-t-xxl p-b-md&#8221;][vc_column][vc_row_inner][vc_column_inner width=&#8221;2\/3&#8243;][vc_custom_heading text=&#8221;PAKET SERV\u0130S&#8221; use_theme_fonts=&#8221;yes&#8221;][vc_column_text css=&#8221;&#8221;] Y\u00fcksek M\u00fc\u015fteri Deneyimi M\u00fc\u015fterilerinizi katma de\u011ferli hizmetlerle memnun edin! H\u0131zl\u0131 Bildirimler SMS ve e-posta yoluyla \u00f6deme onaylar\u0131, teslimat bildirimleri ve sipari\u015f durumu g\u00f6nderin. Caller ID Sistemi Caller ID sistemini kullanarak hangi m\u00fc\u015fterinin arad\u0131\u011f\u0131n\u0131 \u00f6\u011frenin ve daha iyi hizmet i\u00e7in verilerini (ad, telefon, adres, sipari\u015fler vb.) kaydedin. [&hellip;]<\/p>\n","protected":false},"author":1,"featured_media":0,"parent":0,"menu_order":0,"comment_status":"closed","ping_status":"closed","template":"","meta":{"footnotes":""},"class_list":["post-243","page","type-page","status-publish","hentry"],"_links":{"self":[{"href":"https:\/\/resis.com.tr\/index.php\/wp-json\/wp\/v2\/pages\/243"}],"collection":[{"href":"https:\/\/resis.com.tr\/index.php\/wp-json\/wp\/v2\/pages"}],"about":[{"href":"https:\/\/resis.com.tr\/index.php\/wp-json\/wp\/v2\/types\/page"}],"author":[{"embeddable":true,"href":"https:\/\/resis.com.tr\/index.php\/wp-json\/wp\/v2\/users\/1"}],"replies":[{"embeddable":true,"href":"https:\/\/resis.com.tr\/index.php\/wp-json\/wp\/v2\/comments?post=243"}],"version-history":[{"count":4,"href":"https:\/\/resis.com.tr\/index.php\/wp-json\/wp\/v2\/pages\/243\/revisions"}],"predecessor-version":[{"id":278,"href":"https:\/\/resis.com.tr\/index.php\/wp-json\/wp\/v2\/pages\/243\/revisions\/278"}],"wp:attachment":[{"href":"https:\/\/resis.com.tr\/index.php\/wp-json\/wp\/v2\/media?parent=243"}],"curies":[{"name":"wp","href":"https:\/\/api.w.org\/{rel}","templated":true}]}}