{"id":250,"date":"2020-07-06T22:43:54","date_gmt":"2020-07-06T19:43:54","guid":{"rendered":"https:\/\/resis.com.tr\/?page_id=250"},"modified":"2020-07-06T22:43:54","modified_gmt":"2020-07-06T19:43:54","slug":"stok","status":"publish","type":"page","link":"https:\/\/resis.com.tr\/index.php\/stok\/","title":{"rendered":"STOK CAR\u0130 MUHASEBE"},"content":{"rendered":"<div class=\"wpb-content-wrapper\"><p>[vc_row wrap_container=&#8221;yes&#8221; el_class=&#8221;p-t-xxl p-b-md&#8221;][vc_column][vc_row_inner][vc_column_inner width=&#8221;2\/3&#8243;][vc_custom_heading text=&#8221;STOK, CAR\u0130 VE MUHASEBE Y\u00d6NET\u0130M\u0130&#8221; use_theme_fonts=&#8221;yes&#8221;][vc_column_text]<\/p>\n<table style=\"height: 324px;\" width=\"877\">\n<tbody>\n<tr>\n<td width=\"456\">STOK VE \u00dcR\u00dcN SEV\u0130YE RAPORU \u0130LE MEVCUT \u00dcR\u00dcN M\u0130TARINI VE PARASAL TUTARINI \u00d6\u011eRENEB\u0130LMEK M\u00dcMK\u00dcND\u00dcR.<\/td>\n<\/tr>\n<tr>\n<td>CAR\u0130 VE STOK TAK\u0130B\u0130 YAPAB\u0130LME<\/td>\n<\/tr>\n<tr>\n<td>FATURA \u0130RSAL\u0130YE \u0130\u015eLEMLER\u0130<\/td>\n<\/tr>\n<tr>\n<td>KOLAY VE HIZLI \u00dcR\u00dcN F\u0130YAT DE\u011e\u0130\u015e\u0130M\u0130<\/td>\n<\/tr>\n<tr>\n<td>\u2022 Men\u00fc, Kampanya, Happy Hours<\/td>\n<\/tr>\n<tr>\n<td>\u2022 Finansal i\u015flemlerin takibi (Banka, kasa, \u00c7ek,)<\/td>\n<\/tr>\n<tr>\n<td>GARSON SATI\u015e VE GARSON \u00dcR\u00dcN SATI\u015e RAPORU<\/td>\n<\/tr>\n<tr>\n<td>DETAYLI KASA VE TAHS\u0130LAT RAPORU<\/td>\n<\/tr>\n<tr>\n<td>\u00c7OK DETAYLI SATILAN \u00dc\u00dcRN RAPORLARI<\/td>\n<\/tr>\n<tr>\n<td>DENET\u0130M (PATRON) RAPORU<\/td>\n<\/tr>\n<\/tbody>\n<\/table>\n<p>[\/vc_column_text][\/vc_column_inner][vc_column_inner width=&#8221;1\/3&#8243;][vc_single_image image=&#8221;248&#8243; img_size=&#8221;large&#8221; label=&#8221;&#8221;][\/vc_column_inner][\/vc_row_inner][\/vc_column][\/vc_row]<\/p>\n<\/div>","protected":false},"excerpt":{"rendered":"<p>[vc_row wrap_container=&#8221;yes&#8221; el_class=&#8221;p-t-xxl p-b-md&#8221;][vc_column][vc_row_inner][vc_column_inner width=&#8221;2\/3&#8243;][vc_custom_heading text=&#8221;STOK, CAR\u0130 VE MUHASEBE Y\u00d6NET\u0130M\u0130&#8221; use_theme_fonts=&#8221;yes&#8221;][vc_column_text] STOK VE \u00dcR\u00dcN SEV\u0130YE RAPORU \u0130LE MEVCUT \u00dcR\u00dcN M\u0130TARINI VE PARASAL TUTARINI \u00d6\u011eRENEB\u0130LMEK M\u00dcMK\u00dcND\u00dcR. CAR\u0130 VE STOK TAK\u0130B\u0130 YAPAB\u0130LME FATURA \u0130RSAL\u0130YE \u0130\u015eLEMLER\u0130 KOLAY VE HIZLI \u00dcR\u00dcN F\u0130YAT DE\u011e\u0130\u015e\u0130M\u0130 \u2022 Men\u00fc, Kampanya, Happy Hours \u2022 Finansal i\u015flemlerin takibi (Banka, kasa, \u00c7ek,) GARSON SATI\u015e VE GARSON [&hellip;]<\/p>\n","protected":false},"author":1,"featured_media":0,"parent":0,"menu_order":0,"comment_status":"closed","ping_status":"closed","template":"","meta":{"footnotes":""},"class_list":["post-250","page","type-page","status-publish","hentry"],"_links":{"self":[{"href":"https:\/\/resis.com.tr\/index.php\/wp-json\/wp\/v2\/pages\/250"}],"collection":[{"href":"https:\/\/resis.com.tr\/index.php\/wp-json\/wp\/v2\/pages"}],"about":[{"href":"https:\/\/resis.com.tr\/index.php\/wp-json\/wp\/v2\/types\/page"}],"author":[{"embeddable":true,"href":"https:\/\/resis.com.tr\/index.php\/wp-json\/wp\/v2\/users\/1"}],"replies":[{"embeddable":true,"href":"https:\/\/resis.com.tr\/index.php\/wp-json\/wp\/v2\/comments?post=250"}],"version-history":[{"count":1,"href":"https:\/\/resis.com.tr\/index.php\/wp-json\/wp\/v2\/pages\/250\/revisions"}],"predecessor-version":[{"id":251,"href":"https:\/\/resis.com.tr\/index.php\/wp-json\/wp\/v2\/pages\/250\/revisions\/251"}],"wp:attachment":[{"href":"https:\/\/resis.com.tr\/index.php\/wp-json\/wp\/v2\/media?parent=250"}],"curies":[{"name":"wp","href":"https:\/\/api.w.org\/{rel}","templated":true}]}}