{"id":253,"date":"2020-07-06T22:46:36","date_gmt":"2020-07-06T19:46:36","guid":{"rendered":"https:\/\/resis.com.tr\/?page_id=253"},"modified":"2024-07-19T14:04:02","modified_gmt":"2024-07-19T11:04:02","slug":"cost","status":"publish","type":"page","link":"https:\/\/resis.com.tr\/index.php\/cost\/","title":{"rendered":"COST KONTROL"},"content":{"rendered":"<div class=\"wpb-content-wrapper\"><p>[vc_row wrap_container=&#8221;yes&#8221; el_class=&#8221;p-t-xxl p-b-md&#8221;][vc_column][vc_row_inner][vc_column_inner width=&#8221;2\/3&#8243;][vc_custom_heading text=&#8221;COST KONTROL&#8221; use_theme_fonts=&#8221;yes&#8221;][vc_column_text]<\/p>\n<table style=\"height: 195px;\" width=\"888\">\n<tbody>\n<tr>\n<td width=\"456\">Detayl\u0131 \u00fcr\u00fcn re\u00e7etesi olu\u015fturabilmek m\u00fcmk\u00fcnd\u00fcr.<\/td>\n<\/tr>\n<tr>\n<td>Al\u0131\u015f faturas\u0131ndan otomatik olarak g\u00fcncellenen \u00fcr\u00fcn re\u00e7ete kart\u0131<\/td>\n<\/tr>\n<tr>\n<td>anl\u0131k olarak \u00fcr\u00fcn bazl\u0131 maliyet bilgisi alabilmek<\/td>\n<\/tr>\n<tr>\n<td>\u00fcr\u00fcn ve katag\u00f6r\u00fc bazl\u0131 karl\u0131l\u0131k raporu<\/td>\n<\/tr>\n<tr>\n<td>i\u015fletme yap\u0131s\u0131 ve insan kayna\u011f\u0131na g\u00f6re basit yada detayl\u0131 \u00fcretim i\u015flemi yapabilme \u00f6zelli\u011fi<\/td>\n<\/tr>\n<tr>\n<td>\u00fcr\u00fcetilecek toplu \u00fcr\u00fcne \u00fcretim emre vererek stok miktar\u0131 ve maliyet hesaplamas\u0131 yapa bilme \u00f6zelli\u011fi<\/td>\n<\/tr>\n<\/tbody>\n<\/table>\n<p>[\/vc_column_text][\/vc_column_inner][vc_column_inner width=&#8221;1\/3&#8243;][vc_single_image image=&#8221;244&#8243; img_size=&#8221;large&#8221; onclick=&#8221;link_image&#8221; css=&#8221;&#8221; label=&#8221;&#8221;][\/vc_column_inner][\/vc_row_inner][\/vc_column][\/vc_row]<\/p>\n<\/div>","protected":false},"excerpt":{"rendered":"<p>[vc_row wrap_container=&#8221;yes&#8221; el_class=&#8221;p-t-xxl p-b-md&#8221;][vc_column][vc_row_inner][vc_column_inner width=&#8221;2\/3&#8243;][vc_custom_heading text=&#8221;COST KONTROL&#8221; use_theme_fonts=&#8221;yes&#8221;][vc_column_text] Detayl\u0131 \u00fcr\u00fcn re\u00e7etesi olu\u015fturabilmek m\u00fcmk\u00fcnd\u00fcr. Al\u0131\u015f faturas\u0131ndan otomatik olarak g\u00fcncellenen \u00fcr\u00fcn re\u00e7ete kart\u0131 anl\u0131k olarak \u00fcr\u00fcn bazl\u0131 maliyet bilgisi alabilmek \u00fcr\u00fcn ve katag\u00f6r\u00fc bazl\u0131 karl\u0131l\u0131k raporu i\u015fletme yap\u0131s\u0131 ve insan kayna\u011f\u0131na g\u00f6re basit yada detayl\u0131 \u00fcretim i\u015flemi yapabilme \u00f6zelli\u011fi \u00fcr\u00fcetilecek toplu \u00fcr\u00fcne \u00fcretim emre vererek stok miktar\u0131 [&hellip;]<\/p>\n","protected":false},"author":1,"featured_media":0,"parent":0,"menu_order":0,"comment_status":"closed","ping_status":"closed","template":"","meta":{"footnotes":""},"class_list":["post-253","page","type-page","status-publish","hentry"],"_links":{"self":[{"href":"https:\/\/resis.com.tr\/index.php\/wp-json\/wp\/v2\/pages\/253"}],"collection":[{"href":"https:\/\/resis.com.tr\/index.php\/wp-json\/wp\/v2\/pages"}],"about":[{"href":"https:\/\/resis.com.tr\/index.php\/wp-json\/wp\/v2\/types\/page"}],"author":[{"embeddable":true,"href":"https:\/\/resis.com.tr\/index.php\/wp-json\/wp\/v2\/users\/1"}],"replies":[{"embeddable":true,"href":"https:\/\/resis.com.tr\/index.php\/wp-json\/wp\/v2\/comments?post=253"}],"version-history":[{"count":2,"href":"https:\/\/resis.com.tr\/index.php\/wp-json\/wp\/v2\/pages\/253\/revisions"}],"predecessor-version":[{"id":280,"href":"https:\/\/resis.com.tr\/index.php\/wp-json\/wp\/v2\/pages\/253\/revisions\/280"}],"wp:attachment":[{"href":"https:\/\/resis.com.tr\/index.php\/wp-json\/wp\/v2\/media?parent=253"}],"curies":[{"name":"wp","href":"https:\/\/api.w.org\/{rel}","templated":true}]}}