{"id":255,"date":"2020-07-06T22:48:03","date_gmt":"2020-07-06T19:48:03","guid":{"rendered":"https:\/\/resis.com.tr\/?page_id=255"},"modified":"2020-07-06T22:48:03","modified_gmt":"2020-07-06T19:48:03","slug":"elterminali","status":"publish","type":"page","link":"https:\/\/resis.com.tr\/index.php\/elterminali\/","title":{"rendered":"EL TERM\u0130NAL\u0130"},"content":{"rendered":"<div class=\"wpb-content-wrapper\"><p>[vc_row wrap_container=&#8221;yes&#8221; el_class=&#8221;p-t-xxl p-b-md&#8221;][vc_column][vc_row_inner][vc_column_inner width=&#8221;2\/3&#8243;][vc_custom_heading text=&#8221;EL TERM\u0130NAL\u0130&#8221; use_theme_fonts=&#8221;yes&#8221;][vc_column_text]<\/p>\n<table style=\"height: 141px;\" width=\"737\">\n<tbody>\n<tr>\n<td width=\"456\">Marka ve\u00a0 \u0130\u015fletim sistemi ba\u011f\u0131ms\u0131z \u00e7al\u0131\u015fabilme \u00f6zelli\u011fi (Android, Os vs.)<\/td>\n<\/tr>\n<tr>\n<td>H\u0131zl\u0131 ve kolay kullan\u0131m.<\/td>\n<\/tr>\n<tr>\n<td>G\u00fc\u00e7l\u00fc ve kullan\u0131\u015fl\u0131 ara y\u00fcz<\/td>\n<\/tr>\n<tr>\n<td>PORS\u0130YON, adet ve Kg ile sat\u0131\u015f imkan\u0131<\/td>\n<\/tr>\n<\/tbody>\n<\/table>\n<p>[\/vc_column_text][\/vc_column_inner][vc_column_inner width=&#8221;1\/3&#8243;][vc_single_image image=&#8221;245&#8243; img_size=&#8221;large&#8221; label=&#8221;&#8221;][\/vc_column_inner][\/vc_row_inner][\/vc_column][\/vc_row]<\/p>\n<\/div>","protected":false},"excerpt":{"rendered":"<p>[vc_row wrap_container=&#8221;yes&#8221; el_class=&#8221;p-t-xxl p-b-md&#8221;][vc_column][vc_row_inner][vc_column_inner width=&#8221;2\/3&#8243;][vc_custom_heading text=&#8221;EL TERM\u0130NAL\u0130&#8221; use_theme_fonts=&#8221;yes&#8221;][vc_column_text] Marka ve\u00a0 \u0130\u015fletim sistemi ba\u011f\u0131ms\u0131z \u00e7al\u0131\u015fabilme \u00f6zelli\u011fi (Android, Os vs.) H\u0131zl\u0131 ve kolay kullan\u0131m. G\u00fc\u00e7l\u00fc ve kullan\u0131\u015fl\u0131 ara y\u00fcz PORS\u0130YON, adet ve Kg ile sat\u0131\u015f imkan\u0131 [\/vc_column_text][\/vc_column_inner][vc_column_inner width=&#8221;1\/3&#8243;][vc_single_image image=&#8221;245&#8243; img_size=&#8221;large&#8221; label=&#8221;&#8221;][\/vc_column_inner][\/vc_row_inner][\/vc_column][\/vc_row]<\/p>\n","protected":false},"author":1,"featured_media":0,"parent":0,"menu_order":0,"comment_status":"closed","ping_status":"closed","template":"","meta":{"footnotes":""},"class_list":["post-255","page","type-page","status-publish","hentry"],"_links":{"self":[{"href":"https:\/\/resis.com.tr\/index.php\/wp-json\/wp\/v2\/pages\/255"}],"collection":[{"href":"https:\/\/resis.com.tr\/index.php\/wp-json\/wp\/v2\/pages"}],"about":[{"href":"https:\/\/resis.com.tr\/index.php\/wp-json\/wp\/v2\/types\/page"}],"author":[{"embeddable":true,"href":"https:\/\/resis.com.tr\/index.php\/wp-json\/wp\/v2\/users\/1"}],"replies":[{"embeddable":true,"href":"https:\/\/resis.com.tr\/index.php\/wp-json\/wp\/v2\/comments?post=255"}],"version-history":[{"count":1,"href":"https:\/\/resis.com.tr\/index.php\/wp-json\/wp\/v2\/pages\/255\/revisions"}],"predecessor-version":[{"id":256,"href":"https:\/\/resis.com.tr\/index.php\/wp-json\/wp\/v2\/pages\/255\/revisions\/256"}],"wp:attachment":[{"href":"https:\/\/resis.com.tr\/index.php\/wp-json\/wp\/v2\/media?parent=255"}],"curies":[{"name":"wp","href":"https:\/\/api.w.org\/{rel}","templated":true}]}}