{"id":257,"date":"2020-07-06T22:50:14","date_gmt":"2020-07-06T19:50:14","guid":{"rendered":"https:\/\/resis.com.tr\/?page_id=257"},"modified":"2020-07-06T22:50:15","modified_gmt":"2020-07-06T19:50:15","slug":"online","status":"publish","type":"page","link":"https:\/\/resis.com.tr\/index.php\/online\/","title":{"rendered":"Z\u0130NC\u0130R &#038; FRANCH\u0130SE Y\u00d6NET\u0130M\u0130 &#038; ONL\u0130NE RAPORLAR"},"content":{"rendered":"<div class=\"wpb-content-wrapper\"><p>[vc_row wrap_container=&#8221;yes&#8221; el_class=&#8221;p-t-xxl p-b-md&#8221;][vc_column][vc_row_inner][vc_column_inner width=&#8221;2\/3&#8243;][vc_custom_heading text=&#8221;HIZLI SATI\u015e&#8221; use_theme_fonts=&#8221;yes&#8221;][vc_column_text]<\/p>\n<table style=\"height: 193px;\" width=\"775\">\n<tbody>\n<tr>\n<td width=\"456\">Zincir &amp; Franchise Y\u00d6NET\u0130M\u0130<\/td>\n<\/tr>\n<tr>\n<td>Tek \u015fube yada \u00e7ok \u015fube hi\u00e7 farketmez tek ekranda hizmetinizde.<\/td>\n<\/tr>\n<tr>\n<td>\u0130ster \u015fubeleri izleyip raporlay\u0131n ve kar\u015f\u0131la\u015ft\u0131rma imkan\u0131 bulun<\/td>\n<\/tr>\n<tr>\n<td>\u0130sterseniz online fatura keserek sipari\u015flerinizi elektronik ortamda \u015fube stoklar\u0131na giri\u015fini sa\u011flay\u0131n.<\/td>\n<\/tr>\n<tr>\n<td>Ger\u00e7ek zamanl\u0131 \u015fube ciro pay\u0131 g\u00f6rebilme imkan\u0131<\/td>\n<\/tr>\n<\/tbody>\n<\/table>\n<p>[\/vc_column_text][\/vc_column_inner][vc_column_inner width=&#8221;1\/3&#8243;][vc_single_image image=&#8221;246&#8243; img_size=&#8221;large&#8221; label=&#8221;&#8221;][\/vc_column_inner][\/vc_row_inner][\/vc_column][\/vc_row]<\/p>\n<\/div>","protected":false},"excerpt":{"rendered":"<p>[vc_row wrap_container=&#8221;yes&#8221; el_class=&#8221;p-t-xxl p-b-md&#8221;][vc_column][vc_row_inner][vc_column_inner width=&#8221;2\/3&#8243;][vc_custom_heading text=&#8221;HIZLI SATI\u015e&#8221; use_theme_fonts=&#8221;yes&#8221;][vc_column_text] Zincir &amp; Franchise Y\u00d6NET\u0130M\u0130 Tek \u015fube yada \u00e7ok \u015fube hi\u00e7 farketmez tek ekranda hizmetinizde. \u0130ster \u015fubeleri izleyip raporlay\u0131n ve kar\u015f\u0131la\u015ft\u0131rma imkan\u0131 bulun \u0130sterseniz online fatura keserek sipari\u015flerinizi elektronik ortamda \u015fube stoklar\u0131na giri\u015fini sa\u011flay\u0131n. Ger\u00e7ek zamanl\u0131 \u015fube ciro pay\u0131 g\u00f6rebilme imkan\u0131 [\/vc_column_text][\/vc_column_inner][vc_column_inner width=&#8221;1\/3&#8243;][vc_single_image image=&#8221;246&#8243; img_size=&#8221;large&#8221; label=&#8221;&#8221;][\/vc_column_inner][\/vc_row_inner][\/vc_column][\/vc_row]<\/p>\n","protected":false},"author":1,"featured_media":0,"parent":0,"menu_order":0,"comment_status":"closed","ping_status":"closed","template":"","meta":{"footnotes":""},"class_list":["post-257","page","type-page","status-publish","hentry"],"_links":{"self":[{"href":"https:\/\/resis.com.tr\/index.php\/wp-json\/wp\/v2\/pages\/257"}],"collection":[{"href":"https:\/\/resis.com.tr\/index.php\/wp-json\/wp\/v2\/pages"}],"about":[{"href":"https:\/\/resis.com.tr\/index.php\/wp-json\/wp\/v2\/types\/page"}],"author":[{"embeddable":true,"href":"https:\/\/resis.com.tr\/index.php\/wp-json\/wp\/v2\/users\/1"}],"replies":[{"embeddable":true,"href":"https:\/\/resis.com.tr\/index.php\/wp-json\/wp\/v2\/comments?post=257"}],"version-history":[{"count":1,"href":"https:\/\/resis.com.tr\/index.php\/wp-json\/wp\/v2\/pages\/257\/revisions"}],"predecessor-version":[{"id":258,"href":"https:\/\/resis.com.tr\/index.php\/wp-json\/wp\/v2\/pages\/257\/revisions\/258"}],"wp:attachment":[{"href":"https:\/\/resis.com.tr\/index.php\/wp-json\/wp\/v2\/media?parent=257"}],"curies":[{"name":"wp","href":"https:\/\/api.w.org\/{rel}","templated":true}]}}