{"id":284,"date":"2024-07-19T14:07:49","date_gmt":"2024-07-19T11:07:49","guid":{"rendered":"https:\/\/resis.com.tr\/?page_id=284"},"modified":"2024-07-19T14:07:49","modified_gmt":"2024-07-19T11:07:49","slug":"elterminali-2-2","status":"publish","type":"page","link":"https:\/\/resis.com.tr\/index.php\/elterminali-2-2\/","title":{"rendered":"Trendyol Entegrasyonu"},"content":{"rendered":"<div class=\"wpb-content-wrapper\"><p>[vc_row wrap_container=&#8221;yes&#8221; el_class=&#8221;p-t-xxl p-b-md&#8221;][vc_column][vc_row_inner][vc_column_inner width=&#8221;2\/3&#8243;][vc_custom_heading text=&#8221;EL TERM\u0130NAL\u0130&#8221; use_theme_fonts=&#8221;yes&#8221;][vc_column_text css=&#8221;&#8221;]<\/p>\n<h5 class=\"w-iconbox-title\"><b>Restoran\u0131n\u0131z \u0130\u00e7in Resis Trendyol Yemek Entegrasyonunu<\/b><\/h5>\n<div class=\"w-iconbox-text\">\n<p><strong>Resis Trendyol Yemek entegrasyonu<\/strong>, operasyonlar\u0131n\u0131z\u0131 \u00f6l\u00e7eklendirmenize ve m\u00fc\u015fteri mutlulu\u011funuzu art\u0131rman\u0131za yard\u0131mc\u0131 olabilir. Bir restoran sahibi olarak nihai amac\u0131n\u0131z daha fazla sipari\u015f almakt\u0131r ve bu entegrasyon bunda size yard\u0131mc\u0131 olabilir. Sisteminizle sorunsuz bir \u015fekilde uyum sa\u011flar ve i\u015fletmeniz i\u00e7in kaliteli m\u00fc\u015fteri adaylar\u0131 olu\u015fturman\u0131za yard\u0131mc\u0131 olur!<\/p>\n<h5><strong>Merkezi Sipari\u015f \u0130\u015fleme<\/strong><\/h5>\n<ul>\n<li>T\u00fcm sipari\u015flere tek bir yerden eri\u015fin<\/li>\n<li>Sat\u0131\u015flar, m\u00fc\u015fteri verileri ve daha fazlas\u0131 i\u00e7in ayr\u0131nt\u0131l\u0131 raporlar al\u0131n<\/li>\n<li>Men\u00fcn\u00fcz\u00fc otomatik olarak g\u00fcncelleyin<\/li>\n<\/ul>\n<\/div>\n<p>[\/vc_column_text][\/vc_column_inner][vc_column_inner width=&#8221;1\/3&#8243;][vc_single_image image=&#8221;245&#8243; img_size=&#8221;large&#8221;][\/vc_column_inner][\/vc_row_inner][\/vc_column][\/vc_row]<\/p>\n<\/div>","protected":false},"excerpt":{"rendered":"<p>[vc_row wrap_container=&#8221;yes&#8221; el_class=&#8221;p-t-xxl p-b-md&#8221;][vc_column][vc_row_inner][vc_column_inner width=&#8221;2\/3&#8243;][vc_custom_heading text=&#8221;EL TERM\u0130NAL\u0130&#8221; use_theme_fonts=&#8221;yes&#8221;][vc_column_text css=&#8221;&#8221;] Restoran\u0131n\u0131z \u0130\u00e7in Resis Trendyol Yemek Entegrasyonunu Resis Trendyol Yemek entegrasyonu, operasyonlar\u0131n\u0131z\u0131 \u00f6l\u00e7eklendirmenize ve m\u00fc\u015fteri mutlulu\u011funuzu art\u0131rman\u0131za yard\u0131mc\u0131 olabilir. Bir restoran sahibi olarak nihai amac\u0131n\u0131z daha fazla sipari\u015f almakt\u0131r ve bu entegrasyon bunda size yard\u0131mc\u0131 olabilir. Sisteminizle sorunsuz bir \u015fekilde uyum sa\u011flar ve i\u015fletmeniz i\u00e7in kaliteli m\u00fc\u015fteri [&hellip;]<\/p>\n","protected":false},"author":1,"featured_media":0,"parent":0,"menu_order":0,"comment_status":"closed","ping_status":"closed","template":"","meta":{"footnotes":""},"class_list":["post-284","page","type-page","status-publish","hentry"],"_links":{"self":[{"href":"https:\/\/resis.com.tr\/index.php\/wp-json\/wp\/v2\/pages\/284"}],"collection":[{"href":"https:\/\/resis.com.tr\/index.php\/wp-json\/wp\/v2\/pages"}],"about":[{"href":"https:\/\/resis.com.tr\/index.php\/wp-json\/wp\/v2\/types\/page"}],"author":[{"embeddable":true,"href":"https:\/\/resis.com.tr\/index.php\/wp-json\/wp\/v2\/users\/1"}],"replies":[{"embeddable":true,"href":"https:\/\/resis.com.tr\/index.php\/wp-json\/wp\/v2\/comments?post=284"}],"version-history":[{"count":1,"href":"https:\/\/resis.com.tr\/index.php\/wp-json\/wp\/v2\/pages\/284\/revisions"}],"predecessor-version":[{"id":285,"href":"https:\/\/resis.com.tr\/index.php\/wp-json\/wp\/v2\/pages\/284\/revisions\/285"}],"wp:attachment":[{"href":"https:\/\/resis.com.tr\/index.php\/wp-json\/wp\/v2\/media?parent=284"}],"curies":[{"name":"wp","href":"https:\/\/api.w.org\/{rel}","templated":true}]}}