{"id":287,"date":"2024-07-19T14:12:32","date_gmt":"2024-07-19T11:12:32","guid":{"rendered":"https:\/\/resis.com.tr\/?page_id=287"},"modified":"2024-07-19T14:13:29","modified_gmt":"2024-07-19T11:13:29","slug":"cost-2","status":"publish","type":"page","link":"https:\/\/resis.com.tr\/index.php\/cost-2\/","title":{"rendered":"Resis Kioks"},"content":{"rendered":"<div class=\"wpb-content-wrapper\"><p>[vc_row wrap_container=&#8221;yes&#8221; el_class=&#8221;p-t-xxl p-b-md&#8221;][vc_column][vc_row_inner][vc_column_inner width=&#8221;2\/3&#8243;][vc_custom_heading text=&#8221;Resis Kioks&#8221; use_theme_fonts=&#8221;yes&#8221; css=&#8221;&#8221;][vc_column_text css=&#8221;&#8221;]<\/p>\n<div class=\"wpb_text_column us_custom_1e0e9307\">\n<div class=\"wpb_wrapper\">\n<p><strong>Yo\u011fun bir i\u015fletme ortam\u0131n\u0131n ihtiya\u00e7lar\u0131n\u0131 kar\u015f\u0131lamak i\u00e7in daha h\u0131zl\u0131, kolay ve pratik bir self servis sipari\u015f uygulamas\u0131.<\/strong><\/p>\n<\/div>\n<\/div>\n<div class=\"w-separator size_custom\"><\/div>\n<div class=\"wpb_text_column\">\n<div class=\"wpb_wrapper\">\n<p>\u0130\u015fletmenizi h\u0131zla b\u00fcy\u00fctmek i\u00e7in m\u00fc\u015fterilerinize zahmetsizce hizmet sunabilece\u011finiz modern bir sipari\u015f sistemine ihtiyac\u0131n\u0131z var. Giderek dijitalle\u015fen d\u00fcnyada, restoran\u0131n\u0131z\u0131 modernize etmek ancak daha h\u0131zl\u0131 ve basit bir sipari\u015f alma y\u00f6ntemiyle sa\u011flanabilir.<\/p>\n<\/div>\n<div class=\"g-cols wpb_row via_grid cols_2 laptops-cols_inherit tablets-cols_inherit mobiles-cols_1 valign_top type_default stacking_default\">\n<div class=\"wpb_column vc_column_container us_custom_6b8248eb\">\n<div class=\"vc_column-inner\">\n<div class=\"w-iconbox iconpos_left style_default color_primary align_left\">\n<div class=\"w-iconbox-meta\">\n<h4 class=\"w-iconbox-title\"><b>\u00c7al\u0131\u015fanlar\u0131n\u0131z\u0131n Verimlili\u011fini Art\u0131r\u0131n!<\/b><\/h4>\n<div class=\"w-iconbox-text\">\n<p>M\u00fc\u015fterilerinize \u201cself servis\u201d \u00f6zg\u00fcrl\u00fc\u011f\u00fc vererek, \u00e7al\u0131\u015fanlar\u0131n\u0131z\u0131n daha \u00fcretken olmas\u0131na izin vermi\u015f olursunuz. \u0130\u015flerinden ger\u00e7ekten mutlu ve memnun olan \u00e7al\u0131\u015fanlar\u0131n\u0131z, hedeflerine daha \u00e7ok yakla\u015facak ve odak noktalar\u0131n\u0131 daha verimli konulara vererek gereksiz vakit kayb\u0131ndan kurtulacaklar.<\/p>\n<\/div>\n<\/div>\n<\/div>\n<\/div>\n<\/div>\n<div class=\"wpb_column vc_column_container us_custom_6b8248eb\">\n<div class=\"vc_column-inner\">\n<div class=\"w-iconbox iconpos_left style_default color_primary align_left\">\n<div class=\"w-iconbox-icon\"><\/div>\n<div class=\"w-iconbox-meta\">\n<h4 class=\"w-iconbox-title\"><b>Art\u0131k Beklemek Yok!<\/b><\/h4>\n<div class=\"w-iconbox-text\">\n<p>M\u00fc\u015fterilerinin sorunsuz ve keyifli bir m\u00fc\u015fteri hizmeti deneyimi ya\u015famas\u0131n\u0131 isteyen bir restoran sahibi olarak, m\u00fc\u015fterilerinin sipari\u015flerini bekletmek zorunda kalmamak b\u00fcy\u00fck bir zorluk. REsis Kiosk, sipari\u015f ve \u00f6deme i\u015flemlerini daha h\u0131zl\u0131 y\u00fcr\u00fctmek i\u00e7in titizlikle tasarlanm\u0131\u015f ve \u00fcretilmi\u015ftir. Art\u0131k m\u00fc\u015fterilerinize saatlerce s\u0131ra beklemeden hizmet verebilirsiniz.<\/p>\n<\/div>\n<\/div>\n<\/div>\n<\/div>\n<\/div>\n<\/div>\n<div class=\"w-separator size_custom\"><\/div>\n<div class=\"g-cols wpb_row via_grid cols_2 laptops-cols_inherit tablets-cols_inherit mobiles-cols_1 valign_top type_default stacking_default\">\n<div class=\"wpb_column vc_column_container us_custom_6b8248eb\">\n<div class=\"vc_column-inner\">\n<div class=\"w-iconbox iconpos_left style_default color_primary align_left\">\n<div class=\"w-iconbox-icon\"><\/div>\n<div class=\"w-iconbox-meta\">\n<h4 class=\"w-iconbox-title\"><b>\u0130htiya\u00e7lar\u0131n\u0131za G\u00f6re Kurulum<\/b><\/h4>\n<div class=\"w-iconbox-text\">\n<p>Resis Kiosk, uygulaman\u0131n kullan\u0131c\u0131 ara y\u00fcz\u00fcn\u00fc ihtiya\u00e7lar\u0131n\u0131za ve donan\u0131m gereksinimlerinize g\u00f6re (dikey, yatay veya kasa donan\u0131m\u0131) sorunsuz bir \u015fekilde de\u011fi\u015ftirmenize olanak tan\u0131r.<\/p>\n<\/div>\n<\/div>\n<\/div>\n<\/div>\n<\/div>\n<div class=\"wpb_column vc_column_container us_custom_6b8248eb\">\n<div class=\"vc_column-inner\">\n<div class=\"w-iconbox iconpos_left style_default color_primary align_left\">\n<div class=\"w-iconbox-icon\"><\/div>\n<div class=\"w-iconbox-meta\">\n<h4 class=\"w-iconbox-title\"><b>M\u00fc\u015fterilerinize Yard\u0131mc\u0131 Olur ve Y\u00f6nlendirir<\/b><\/h4>\n<div class=\"w-iconbox-text\">\n<p>Resis Kiosk ile m\u00fc\u015fterilerinizin yard\u0131m olmadan sipari\u015f almas\u0131n\u0131 sa\u011flar ve b\u00f6ylece bekleme s\u00fcreleri azalarak daha h\u0131zl\u0131 bir \u015fekilde sipari\u015flerini teslim al\u0131rlar<\/p>\n<\/div>\n<\/div>\n<\/div>\n<\/div>\n<\/div>\n<\/div>\n<\/div>\n<p>[\/vc_column_text][\/vc_column_inner][vc_column_inner width=&#8221;1\/3&#8243;][vc_single_image image=&#8221;289&#8243; img_size=&#8221;large&#8221; onclick=&#8221;link_image&#8221; css=&#8221;&#8221; label=&#8221;&#8221;][\/vc_column_inner][\/vc_row_inner][\/vc_column][\/vc_row]<\/p>\n<\/div>","protected":false},"excerpt":{"rendered":"<p>[vc_row wrap_container=&#8221;yes&#8221; el_class=&#8221;p-t-xxl p-b-md&#8221;][vc_column][vc_row_inner][vc_column_inner width=&#8221;2\/3&#8243;][vc_custom_heading text=&#8221;Resis Kioks&#8221; use_theme_fonts=&#8221;yes&#8221; css=&#8221;&#8221;][vc_column_text css=&#8221;&#8221;] Yo\u011fun bir i\u015fletme ortam\u0131n\u0131n ihtiya\u00e7lar\u0131n\u0131 kar\u015f\u0131lamak i\u00e7in daha h\u0131zl\u0131, kolay ve pratik bir self servis sipari\u015f uygulamas\u0131. \u0130\u015fletmenizi h\u0131zla b\u00fcy\u00fctmek i\u00e7in m\u00fc\u015fterilerinize zahmetsizce hizmet sunabilece\u011finiz modern bir sipari\u015f sistemine ihtiyac\u0131n\u0131z var. Giderek dijitalle\u015fen d\u00fcnyada, restoran\u0131n\u0131z\u0131 modernize etmek ancak daha h\u0131zl\u0131 ve basit bir sipari\u015f alma [&hellip;]<\/p>\n","protected":false},"author":1,"featured_media":0,"parent":0,"menu_order":0,"comment_status":"closed","ping_status":"closed","template":"","meta":{"footnotes":""},"class_list":["post-287","page","type-page","status-publish","hentry"],"_links":{"self":[{"href":"https:\/\/resis.com.tr\/index.php\/wp-json\/wp\/v2\/pages\/287"}],"collection":[{"href":"https:\/\/resis.com.tr\/index.php\/wp-json\/wp\/v2\/pages"}],"about":[{"href":"https:\/\/resis.com.tr\/index.php\/wp-json\/wp\/v2\/types\/page"}],"author":[{"embeddable":true,"href":"https:\/\/resis.com.tr\/index.php\/wp-json\/wp\/v2\/users\/1"}],"replies":[{"embeddable":true,"href":"https:\/\/resis.com.tr\/index.php\/wp-json\/wp\/v2\/comments?post=287"}],"version-history":[{"count":2,"href":"https:\/\/resis.com.tr\/index.php\/wp-json\/wp\/v2\/pages\/287\/revisions"}],"predecessor-version":[{"id":290,"href":"https:\/\/resis.com.tr\/index.php\/wp-json\/wp\/v2\/pages\/287\/revisions\/290"}],"wp:attachment":[{"href":"https:\/\/resis.com.tr\/index.php\/wp-json\/wp\/v2\/media?parent=287"}],"curies":[{"name":"wp","href":"https:\/\/api.w.org\/{rel}","templated":true}]}}