{"id":296,"date":"2024-07-19T14:33:11","date_gmt":"2024-07-19T11:33:11","guid":{"rendered":"https:\/\/resis.com.tr\/?page_id=296"},"modified":"2024-07-19T14:35:16","modified_gmt":"2024-07-19T11:35:16","slug":"cost-4","status":"publish","type":"page","link":"https:\/\/resis.com.tr\/index.php\/cost-4\/","title":{"rendered":"Proje Ortaklar\u0131m\u0131z"},"content":{"rendered":"<div class=\"wpb-content-wrapper\"><p>[vc_row wrap_container=&#8221;yes&#8221; el_class=&#8221;p-t-xxl p-b-md&#8221;][vc_column][vc_row_inner][vc_column_inner][vc_custom_heading text=&#8221;Proje Ortaklar\u0131m\u0131z&#8221; css=&#8221;&#8221;][\/vc_column_inner][\/vc_row_inner][vc_row_inner][vc_column_inner width=&#8221;1\/4&#8243;][\/vc_column_inner][vc_column_inner width=&#8221;1\/2&#8243;][vc_column_text css=&#8221;&#8221;]<\/p>\n<table class=\"alignleft\" border=\"1\" width=\"100%\">\n<tbody>\n<tr>\n<td width=\"395\">GAMALI K\u00d6FETC\u0130S\u0130 &#8211; KO\u015eUKIRI<\/td>\n<\/tr>\n<tr>\n<td width=\"395\">GAMALI K\u00d6FETC\u0130S\u0130 &#8211; YOL<\/td>\n<\/tr>\n<tr>\n<td width=\"395\">CAN K\u00d6FTE EXPRES<\/td>\n<\/tr>\n<tr>\n<td width=\"395\">CAN K\u00d6FTE BAH\u00c7E<\/td>\n<\/tr>\n<tr>\n<td width=\"395\">CAN K\u00d6FTE AVM<\/td>\n<\/tr>\n<tr>\n<td width=\"395\">CAN K\u00d6FTE MERKEZ<\/td>\n<\/tr>\n<tr>\n<td width=\"395\">MOLA<\/td>\n<\/tr>\n<tr>\n<td width=\"395\">D\u00dcR\u00dcMC\u00dc SERKO &#8211; AYVALIK<\/td>\n<\/tr>\n<tr>\n<td width=\"395\">D\u00dcR\u00dcMC\u00dc SERKO SARIMSAKLI<\/td>\n<\/tr>\n<tr>\n<td width=\"395\">D\u00dcR\u00dcMC\u00dc SERKO D\u0130K\u0130L\u0130<\/td>\n<\/tr>\n<tr>\n<td width=\"395\">D\u00dcR\u00dcMC\u00dc SERKO AK\u00c7AY<\/td>\n<\/tr>\n<tr>\n<td width=\"395\">CAFE Q LINE<\/td>\n<\/tr>\n<tr>\n<td width=\"395\">BEYKOZ \u00c7AYCISI<\/td>\n<\/tr>\n<tr>\n<td width=\"395\">BADEM<\/td>\n<\/tr>\n<tr>\n<td width=\"395\">KORDELYA<\/td>\n<\/tr>\n<tr>\n<td width=\"395\">T\u00d6MBEK\u0130<\/td>\n<\/tr>\n<tr>\n<td width=\"395\">APERAT\u0130VE &#8211; MAHSUN<\/td>\n<\/tr>\n<tr>\n<td width=\"395\">KAFE 80&#8217;S<\/td>\n<\/tr>\n<tr>\n<td width=\"395\">A-PET<\/td>\n<\/tr>\n<tr>\n<td width=\"395\">CUNDA LEZZET D\u0130YARI<\/td>\n<\/tr>\n<tr>\n<td width=\"395\">M\u0130DYE EV\u0130 1<\/td>\n<\/tr>\n<tr>\n<td width=\"395\">BUENAS KAFE<\/td>\n<\/tr>\n<tr>\n<td width=\"395\">ET\u00c7\u0130M<\/td>\n<\/tr>\n<tr>\n<td width=\"395\">FASILTI MEYHANE<\/td>\n<\/tr>\n<tr>\n<td width=\"395\">ASLAN ET<\/td>\n<\/tr>\n<tr>\n<td width=\"395\">RAKI M\u00dcREN<\/td>\n<\/tr>\n<tr>\n<td width=\"395\">BAZOOKA D\u00dcR\u00dcM VE D\u00d6NER<\/td>\n<\/tr>\n<tr>\n<td width=\"395\">VONA MEYHANE<\/td>\n<\/tr>\n<tr>\n<td width=\"395\">35 L\u0130K MEYHANE<\/td>\n<\/tr>\n<tr>\n<td width=\"395\">BALIK\u00c7I MUSTAFA<\/td>\n<\/tr>\n<tr>\n<td width=\"395\">G\u00dcVEN KEBAP<\/td>\n<\/tr>\n<tr>\n<td width=\"395\">TAF 1<\/td>\n<\/tr>\n<tr>\n<td width=\"395\">\u0130SMA\u0130L AK\u00c7AY BAH\u00c7ES\u0130<\/td>\n<\/tr>\n<tr>\n<td width=\"395\">T\u00dcRKCELL YEMEK SALONU<\/td>\n<\/tr>\n<tr>\n<td width=\"395\">B\u0130RY\u0130\u011e\u0130T<\/td>\n<\/tr>\n<tr>\n<td width=\"395\">K\u00d6FTEC\u0130 H\u00dcNKAR<\/td>\n<\/tr>\n<tr>\n<td width=\"395\">EARLY COFFEE<\/td>\n<\/tr>\n<tr>\n<td width=\"395\">PETEK KAHVALTI<\/td>\n<\/tr>\n<tr>\n<td width=\"395\">G\u00dcNE\u015e TE CAFE RESTORAN \u0130N\u015e.TURZ.<\/td>\n<\/tr>\n<tr>\n<td width=\"395\">CUNDA SAH\u0130L RESTAURANT<\/td>\n<\/tr>\n<tr>\n<td width=\"395\">MAR\u0130KA BEACH<\/td>\n<\/tr>\n<tr>\n<td width=\"395\">SUN SU\u0130T HOTEL<\/td>\n<\/tr>\n<tr>\n<td width=\"395\">A\u015e\u0130YAN HOTEL<\/td>\n<\/tr>\n<tr>\n<td width=\"395\">GUFF BAR<\/td>\n<\/tr>\n<tr>\n<td width=\"395\">TEOS TARIM<\/td>\n<\/tr>\n<tr>\n<td width=\"395\">M\u0130NAS BEACH<\/td>\n<\/tr>\n<tr>\n<td width=\"395\">V\u0130RA ZEYT\u0130NYA\u011eI<\/td>\n<\/tr>\n<tr>\n<td width=\"395\">BOTAN\u0130KA<\/td>\n<\/tr>\n<tr>\n<td width=\"395\">\u00c7ABA OTEL<\/td>\n<\/tr>\n<tr>\n<td width=\"395\">A\u00c7ELYA \u015e\u0130R\u0130N &#8211; CHE FIGATA<\/td>\n<\/tr>\n<tr>\n<td width=\"395\">HOP CUNDA &#8211; EMRE MEHMET SUNGUN<\/td>\n<\/tr>\n<tr>\n<td width=\"395\">G\u0130R\u0130TL\u0130 RESTORAN<\/td>\n<\/tr>\n<tr>\n<td width=\"395\">\u0130LYOSTA RESTAURANT<\/td>\n<\/tr>\n<tr>\n<td width=\"395\">CAZ\u0130BE CUNDA<\/td>\n<\/tr>\n<tr>\n<td width=\"395\">SHU BEACH<\/td>\n<\/tr>\n<tr>\n<td width=\"395\">BOWL&#8217; S<\/td>\n<\/tr>\n<tr>\n<td width=\"395\">\u015e\u0130R\u0130NKENT EL\u0130T BEACH AYVALIK<\/td>\n<\/tr>\n<tr>\n<td width=\"395\">S\u0130MLARDA QUAPARK<\/td>\n<\/tr>\n<tr>\n<td width=\"395\">S\u0130MLARDA KAHVALTI<\/td>\n<\/tr>\n<tr>\n<td width=\"395\">KARACA OTEL<\/td>\n<\/tr>\n<tr>\n<td width=\"395\">NO:11 \u0130ZM\u0130R FB LOKAL\u0130<\/td>\n<\/tr>\n<tr>\n<td width=\"395\">\u015e\u0130\u015eHA BOSTANLI<\/td>\n<\/tr>\n<tr>\n<td width=\"395\">G\u00dcVEN KASAP<\/td>\n<\/tr>\n<tr>\n<td width=\"395\">LOVVALLE M\u0130STRAL<\/td>\n<\/tr>\n<tr>\n<td width=\"395\">METTO<\/td>\n<\/tr>\n<tr>\n<td width=\"395\">EGE MASALIM<\/td>\n<\/tr>\n<tr>\n<td width=\"395\">MAK\u0130<\/td>\n<\/tr>\n<tr>\n<td width=\"395\">BATI BALIK<\/td>\n<\/tr>\n<tr>\n<td width=\"395\">M\u0130SS YOU<\/td>\n<\/tr>\n<tr>\n<td width=\"395\">\u0130sos D\u00f6ner KAd\u0131k\u00f6y<\/td>\n<\/tr>\n<tr>\n<td>\u0130sos D\u00f6ner Be\u015fikta\u015f<\/td>\n<\/tr>\n<tr>\n<td>\u0130sos D\u00f6ner Bolu<\/td>\n<\/tr>\n<tr>\n<td>\u0130sos D\u00f6ner Hisar \u00dcst\u00fc<\/td>\n<\/tr>\n<tr>\n<td>\u0130sos D\u00f6ner \u00dcsk\u00fcdar<\/td>\n<\/tr>\n<tr>\n<td>\u0130sos D\u00f6ner \u0130zmit<\/td>\n<\/tr>\n<tr>\n<td>\u0130sos D\u00f6ner \u015eirinevler<\/td>\n<\/tr>\n<tr>\n<td>\u0130sos D\u00f6ner G\u00f6r\u00fckle<\/td>\n<\/tr>\n<tr>\n<td>\u0130sos D\u00f6ner Madenler<\/td>\n<\/tr>\n<tr>\n<td>\u0130sos D\u00f6ner Alanya<\/td>\n<\/tr>\n<tr>\n<td>\u0130sos D\u00f6ner Cevizli<\/td>\n<\/tr>\n<tr>\n<td>\u0130sos D\u00f6ner Maltepe<\/td>\n<\/tr>\n<tr>\n<td>\u0130sos D\u00f6ner Kurtk\u00f6y<\/td>\n<\/tr>\n<tr>\n<td>\u0130sos D\u00f6ner Dikkald\u0131r\u0131m<\/td>\n<\/tr>\n<tr>\n<td>\u0130sos D\u00f6ner G\u00fczeltepe<\/td>\n<\/tr>\n<tr>\n<td>\u0130sos D\u00f6ner Gaziosmanpa\u015fa<\/td>\n<\/tr>\n<tr>\n<td>\u0130sos D\u00f6ner \u0130zmir<\/td>\n<\/tr>\n<tr>\n<td>\u0130sos D\u00f6ner Ku\u015fadas\u0131 Merkez<\/td>\n<\/tr>\n<tr>\n<td>\u0130sos D\u00f6ner Ku\u015fadas\u0131 \u00c7ar\u015f\u0131<\/td>\n<\/tr>\n<tr>\n<td>\u0130sos D\u00f6ner Bilecik<\/td>\n<\/tr>\n<tr>\n<td>\u0130sos D\u00f6ner Samand\u0131ra<\/td>\n<\/tr>\n<tr>\n<td>\u0130sos D\u00f6ner Bursa Uluyol<\/td>\n<\/tr>\n<tr>\n<td>\u0130sos D\u00f6ner Madenler<\/td>\n<\/tr>\n<tr>\n<td>K\u0131r\u0131m \u00c7ib\u00f6rek Evi<\/td>\n<\/tr>\n<tr>\n<td>Titaik 4 Cafe &amp; Bistro<\/td>\n<\/tr>\n<tr>\n<td>Rumeli Restoran<\/td>\n<\/tr>\n<tr>\n<td>Majo Cafe &amp; Bistro<\/td>\n<\/tr>\n<\/tbody>\n<\/table>\n<p>[\/vc_column_text][\/vc_column_inner][vc_column_inner width=&#8221;1\/4&#8243;][\/vc_column_inner][\/vc_row_inner][\/vc_column][\/vc_row]<\/p>\n<\/div>","protected":false},"excerpt":{"rendered":"<p>[vc_row wrap_container=&#8221;yes&#8221; el_class=&#8221;p-t-xxl p-b-md&#8221;][vc_column][vc_row_inner][vc_column_inner][vc_custom_heading text=&#8221;Proje Ortaklar\u0131m\u0131z&#8221; css=&#8221;&#8221;][\/vc_column_inner][\/vc_row_inner][vc_row_inner][vc_column_inner width=&#8221;1\/4&#8243;][\/vc_column_inner][vc_column_inner width=&#8221;1\/2&#8243;][vc_column_text css=&#8221;&#8221;] GAMALI K\u00d6FETC\u0130S\u0130 &#8211; KO\u015eUKIRI GAMALI K\u00d6FETC\u0130S\u0130 &#8211; YOL CAN K\u00d6FTE EXPRES CAN K\u00d6FTE BAH\u00c7E CAN K\u00d6FTE AVM CAN K\u00d6FTE MERKEZ MOLA D\u00dcR\u00dcMC\u00dc SERKO &#8211; AYVALIK D\u00dcR\u00dcMC\u00dc SERKO SARIMSAKLI D\u00dcR\u00dcMC\u00dc SERKO D\u0130K\u0130L\u0130 D\u00dcR\u00dcMC\u00dc SERKO AK\u00c7AY CAFE Q LINE BEYKOZ \u00c7AYCISI BADEM KORDELYA T\u00d6MBEK\u0130 APERAT\u0130VE &#8211; MAHSUN [&hellip;]<\/p>\n","protected":false},"author":1,"featured_media":0,"parent":0,"menu_order":0,"comment_status":"closed","ping_status":"closed","template":"","meta":{"footnotes":""},"class_list":["post-296","page","type-page","status-publish","hentry"],"_links":{"self":[{"href":"https:\/\/resis.com.tr\/index.php\/wp-json\/wp\/v2\/pages\/296"}],"collection":[{"href":"https:\/\/resis.com.tr\/index.php\/wp-json\/wp\/v2\/pages"}],"about":[{"href":"https:\/\/resis.com.tr\/index.php\/wp-json\/wp\/v2\/types\/page"}],"author":[{"embeddable":true,"href":"https:\/\/resis.com.tr\/index.php\/wp-json\/wp\/v2\/users\/1"}],"replies":[{"embeddable":true,"href":"https:\/\/resis.com.tr\/index.php\/wp-json\/wp\/v2\/comments?post=296"}],"version-history":[{"count":6,"href":"https:\/\/resis.com.tr\/index.php\/wp-json\/wp\/v2\/pages\/296\/revisions"}],"predecessor-version":[{"id":302,"href":"https:\/\/resis.com.tr\/index.php\/wp-json\/wp\/v2\/pages\/296\/revisions\/302"}],"wp:attachment":[{"href":"https:\/\/resis.com.tr\/index.php\/wp-json\/wp\/v2\/media?parent=296"}],"curies":[{"name":"wp","href":"https:\/\/api.w.org\/{rel}","templated":true}]}}